{"id":10009,"date":"2022-07-11T22:49:12","date_gmt":"2022-07-11T20:49:12","guid":{"rendered":"https:\/\/eterle.cz\/eshop\/produkt\/kreslo-h_269-halabala\/"},"modified":"2025-12-07T16:33:24","modified_gmt":"2025-12-07T15:33:24","slug":"kreslo-h_269-halabala","status":"publish","type":"product","link":"https:\/\/eterle.cz\/eshop\/produkt\/kreslo-h_269-halabala\/","title":{"rendered":"K\u0159eslo H_269 \/ Halabala"},"content":{"rendered":"<p>Ikona \u010desk\u00e9ho n\u00e1bytk\u00e1\u0159stv\u00ed Prvn\u00ed republiky \u2013 k\u0159eslo H 269 \u2013 je jedn\u00edm z nejzn\u00e1m\u011bj\u0161\u00edch n\u00e1vrh\u016f Jind\u0159icha Halabaly vyr\u00e1b\u011bn\u00fdm s\u00e9riov\u011b je\u0161t\u011b v 50. letech minul\u00e9ho stolet\u00ed. Nyn\u00ed je ji\u017e velmi t\u011b\u017eko k sehn\u00e1n\u00ed o to v\u00edc je \u017e\u00e1dan\u00e9. Pro\u0161lo cca p\u0159ed 5 lety kompletn\u00ed renovac\u00ed \u010daloun\u011bn\u00e9 \u010d\u00e1sti a bylo t\u00e9m\u011b\u0159 nepou\u017e\u00edvan\u00e9. Podru\u010dky byly ponech\u00e1ny v p\u016fvodnim stavu s jemnou patinou. Jako bonus 2 pol\u0161t\u00e1\u0159ky ve stejn\u00e9m proveden\u00ed jako \u010daloun\u011bn\u00ed.<\/p>\n<p>Stav: po renovaci od p\u016fvodn\u00edho majitele<br \/>\nZna\u010dka: Halabala<br \/>\nRozm\u011br<br \/>\nV\u00fd\u0161ka: 70 cm<br \/>\n\u0160\u00ed\u0159ka: 72 cm<br \/>\nV\u00fd\u0161ka sed\u00e1ku: 45 cm<br \/>\nHloubka sed\u00e1ku: 56 cm<br \/>\n\u0160\u00ed\u0159ka sed\u00e1ku: 56 cm<\/p>\n","protected":false},"excerpt":{"rendered":"<p>Ikona \u010desk\u00e9ho n\u00e1bytk\u00e1\u0159stv\u00ed Prvn\u00ed republiky \u2013 k\u0159eslo H 269 \u2013 je jedn\u00edm z nejzn\u00e1m\u011bj\u0161\u00edch n\u00e1vrh\u016f Jind\u0159icha Halabaly vyr\u00e1b\u011bn\u00fdm s\u00e9riov\u011b je\u0161t\u011b<\/p>\n","protected":false},"featured_media":10010,"template":"","meta":[],"product_brand":[153],"product_cat":[91],"product_tag":[],"class_list":{"0":"post-10009","1":"product","2":"type-product","3":"status-publish","4":"has-post-thumbnail","6":"product_brand-eterle-cz","7":"product_cat-prodane","8":"product_shipping_class-nadrozmerne","10":"first","11":"outofstock","12":"purchasable","13":"product-type-simple"},"_links":{"self":[{"href":"https:\/\/eterle.cz\/eshop\/wp-json\/wp\/v2\/product\/10009","targetHints":{"allow":["GET"]}}],"collection":[{"href":"https:\/\/eterle.cz\/eshop\/wp-json\/wp\/v2\/product"}],"about":[{"href":"https:\/\/eterle.cz\/eshop\/wp-json\/wp\/v2\/types\/product"}],"version-history":[{"count":7,"href":"https:\/\/eterle.cz\/eshop\/wp-json\/wp\/v2\/product\/10009\/revisions"}],"predecessor-version":[{"id":14441,"href":"https:\/\/eterle.cz\/eshop\/wp-json\/wp\/v2\/product\/10009\/revisions\/14441"}],"wp:featuredmedia":[{"embeddable":true,"href":"https:\/\/eterle.cz\/eshop\/wp-json\/wp\/v2\/media\/10010"}],"wp:attachment":[{"href":"https:\/\/eterle.cz\/eshop\/wp-json\/wp\/v2\/media?parent=10009"}],"wp:term":[{"taxonomy":"product_brand","embeddable":true,"href":"https:\/\/eterle.cz\/eshop\/wp-json\/wp\/v2\/product_brand?post=10009"},{"taxonomy":"product_cat","embeddable":true,"href":"https:\/\/eterle.cz\/eshop\/wp-json\/wp\/v2\/product_cat?post=10009"},{"taxonomy":"product_tag","embeddable":true,"href":"https:\/\/eterle.cz\/eshop\/wp-json\/wp\/v2\/product_tag?post=10009"}],"curies":[{"name":"wp","href":"https:\/\/api.w.org\/{rel}","templated":true}]}}