{"id":10024,"date":"2022-07-11T22:50:04","date_gmt":"2022-07-11T20:50:04","guid":{"rendered":"https:\/\/eterle.cz\/eshop\/produkt\/lampicka-duch\/"},"modified":"2025-02-16T03:00:52","modified_gmt":"2025-02-16T02:00:52","slug":"lampicka-duch","status":"publish","type":"product","link":"https:\/\/eterle.cz\/eshop\/produkt\/lampicka-duch\/","title":{"rendered":"Lampi\u010dka duch"},"content":{"rendered":"<p>Lampi\u010dka ducha na pru\u017ein\u011b vyrobena ze slit\u00fdch plastov\u00fdch \u00falomk\u016f. Nadchne ka\u017ed\u00e9 d\u00edt\u011b (rodi\u010de asi m\u00e9n\u011b :)).<\/p>\n<p>Stav: dobr\u00fd, bez vad. Funk\u010dn\u00ed<br \/>\nRozm\u011br<br \/>\nV\u00fd\u0161ka: 28 cm<br \/>\n\u0160\u00ed\u0159ka: 19 cm v nej\u0161ir\u0161\u00edm m\u00edst\u011b<\/p>\n","protected":false},"excerpt":{"rendered":"<p>Lampi\u010dka ducha na pru\u017ein\u011b vyrobena ze slit\u00fdch plastov\u00fdch \u00falomk\u016f. Nadchne ka\u017ed\u00e9 d\u00edt\u011b (rodi\u010de asi m\u00e9n\u011b :)). Stav: dobr\u00fd, bez vad.<\/p>\n","protected":false},"featured_media":10025,"template":"","meta":[],"product_brand":[153],"product_cat":[91],"product_tag":[],"class_list":{"0":"post-10024","1":"product","2":"type-product","3":"status-publish","4":"has-post-thumbnail","6":"product_brand-eterle-cz","7":"product_cat-prodane","9":"first","10":"outofstock","11":"purchasable","12":"product-type-simple"},"_links":{"self":[{"href":"https:\/\/eterle.cz\/eshop\/wp-json\/wp\/v2\/product\/10024","targetHints":{"allow":["GET"]}}],"collection":[{"href":"https:\/\/eterle.cz\/eshop\/wp-json\/wp\/v2\/product"}],"about":[{"href":"https:\/\/eterle.cz\/eshop\/wp-json\/wp\/v2\/types\/product"}],"version-history":[{"count":0,"href":"https:\/\/eterle.cz\/eshop\/wp-json\/wp\/v2\/product\/10024\/revisions"}],"wp:featuredmedia":[{"embeddable":true,"href":"https:\/\/eterle.cz\/eshop\/wp-json\/wp\/v2\/media\/10025"}],"wp:attachment":[{"href":"https:\/\/eterle.cz\/eshop\/wp-json\/wp\/v2\/media?parent=10024"}],"wp:term":[{"taxonomy":"product_brand","embeddable":true,"href":"https:\/\/eterle.cz\/eshop\/wp-json\/wp\/v2\/product_brand?post=10024"},{"taxonomy":"product_cat","embeddable":true,"href":"https:\/\/eterle.cz\/eshop\/wp-json\/wp\/v2\/product_cat?post=10024"},{"taxonomy":"product_tag","embeddable":true,"href":"https:\/\/eterle.cz\/eshop\/wp-json\/wp\/v2\/product_tag?post=10024"}],"curies":[{"name":"wp","href":"https:\/\/api.w.org\/{rel}","templated":true}]}}