{"id":10128,"date":"2022-07-11T22:52:32","date_gmt":"2022-07-11T20:52:32","guid":{"rendered":"https:\/\/eterle.cz\/eshop\/produkt\/keramicka-vaza-mala-rosenthal\/"},"modified":"2025-02-16T02:59:32","modified_gmt":"2025-02-16T01:59:32","slug":"keramicka-vaza-mala-rosenthal","status":"publish","type":"product","link":"https:\/\/eterle.cz\/eshop\/produkt\/keramicka-vaza-mala-rosenthal\/","title":{"rendered":"Keramick\u00e1 v\u00e1za (mal\u00e1) \/ Rosenthal"},"content":{"rendered":"<p>Keramick\u00e1 v\u00e1za od n\u011bmeck\u00e9 porcel\u00e1nky Rosenthal v dekoru Britta &#8211; s\u016fl a pep\u0159. N\u00e1vrh poch\u00e1z\u00ed od v\u00fdtvarn\u00edka Bjorn Wiinbalda, kter\u00fd je jedn\u00edm z hlavn\u00edch n\u00e1vrh\u00e1\u0159\u016f dekoru pro Rosenthal. V\u00e1za je vhodn\u00e1 sp\u00ed\u0161e na lu\u010dn\u00ed, divok\u00e9 aran\u017em\u00e1 ne\u017e na exotick\u00e9 kv\u011btiny. K dispozici je\u0161t\u011b ve dvou v\u011bt\u0161\u00edch proveden\u00ed.<\/p>\n<p>Stav: velmi dobr\u00fd, jen uvnit\u0159 dno nese zn\u00e1mky pou\u017e\u00edv\u00e1n\u00ed<br \/>\nZna\u010dka: Rosenthal<br \/>\nRozm\u011br<br \/>\nV\u00fd\u0161ka: 15,5 cm<br \/>\nHorn\u00ed i spodn\u00ed pr\u016fm\u011br: 9 cm<\/p>\n","protected":false},"excerpt":{"rendered":"<p>Keramick\u00e1 v\u00e1za od n\u011bmeck\u00e9 porcel\u00e1nky Rosenthal v dekoru Britta &#8211; s\u016fl a pep\u0159. N\u00e1vrh poch\u00e1z\u00ed od v\u00fdtvarn\u00edka Bjorn Wiinbalda, kter\u00fd<\/p>\n","protected":false},"featured_media":10129,"template":"","meta":[],"product_brand":[153],"product_cat":[91],"product_tag":[],"class_list":{"0":"post-10128","1":"product","2":"type-product","3":"status-publish","4":"has-post-thumbnail","6":"product_brand-eterle-cz","7":"product_cat-prodane","9":"first","10":"outofstock","11":"purchasable","12":"product-type-simple"},"_links":{"self":[{"href":"https:\/\/eterle.cz\/eshop\/wp-json\/wp\/v2\/product\/10128","targetHints":{"allow":["GET"]}}],"collection":[{"href":"https:\/\/eterle.cz\/eshop\/wp-json\/wp\/v2\/product"}],"about":[{"href":"https:\/\/eterle.cz\/eshop\/wp-json\/wp\/v2\/types\/product"}],"version-history":[{"count":0,"href":"https:\/\/eterle.cz\/eshop\/wp-json\/wp\/v2\/product\/10128\/revisions"}],"wp:featuredmedia":[{"embeddable":true,"href":"https:\/\/eterle.cz\/eshop\/wp-json\/wp\/v2\/media\/10129"}],"wp:attachment":[{"href":"https:\/\/eterle.cz\/eshop\/wp-json\/wp\/v2\/media?parent=10128"}],"wp:term":[{"taxonomy":"product_brand","embeddable":true,"href":"https:\/\/eterle.cz\/eshop\/wp-json\/wp\/v2\/product_brand?post=10128"},{"taxonomy":"product_cat","embeddable":true,"href":"https:\/\/eterle.cz\/eshop\/wp-json\/wp\/v2\/product_cat?post=10128"},{"taxonomy":"product_tag","embeddable":true,"href":"https:\/\/eterle.cz\/eshop\/wp-json\/wp\/v2\/product_tag?post=10128"}],"curies":[{"name":"wp","href":"https:\/\/api.w.org\/{rel}","templated":true}]}}