{"id":10134,"date":"2022-07-11T22:53:13","date_gmt":"2022-07-11T20:53:13","guid":{"rendered":"https:\/\/eterle.cz\/eshop\/produkt\/porcelanova-vazicka-wedgwood\/"},"modified":"2025-02-16T02:59:30","modified_gmt":"2025-02-16T01:59:30","slug":"porcelanova-vazicka-wedgwood","status":"publish","type":"product","link":"https:\/\/eterle.cz\/eshop\/produkt\/porcelanova-vazicka-wedgwood\/","title":{"rendered":"Porcel\u00e1nov\u00e1 v\u00e1zi\u010dka \/ Wedgwood"},"content":{"rendered":"<p>Josiah Wedgwood za\u010dal p\u0159ed 260 lety inspirovat lidi po cel\u00e9m sv\u011bt\u011b, aby sv\u00e9 stoly zdobili kreativn\u011b a stylov\u011b. Porcel\u00e1n t\u00e9to zna\u010dky se objevil i v s\u00eddlech britsk\u00fdch monarch\u016f a mnoha dal\u0161\u00edch slavn\u00fdch hlav st\u00e1t\u016f, nap\u0159\u00edklad ve Vatik\u00e1nu, Kremlu a B\u00edl\u00e9m dom\u011b. Wedgwood byla tak\u00e9 volba pro n\u011bkter\u00e9 z nejpresti\u017en\u011bj\u0161\u00edch hotel\u016f na sv\u011bt\u011b. Tou\u017e\u00edte-li m\u00edt doma tuto exkluzivn\u00ed zna\u010dku, tak tato v\u00e1zi\u010dka bude ide\u00e1ln\u00ed volba. Jak p\u00ed\u0161ou na ofici\u00e1ln\u00edch str\u00e1nk\u00e1ch Wedgwood &#8222;Nic nep\u0159edstavuje n\u00e1dhernou kv\u011btinovou kytici l\u00e9pe ne\u017e v\u00e1za Wedgwood.&#8220;<\/p>\n<p>Stav: zvenku v\u00fdborn\u00fd stav, uvnit\u0159 dno nese zn\u00e1mky u\u017e\u00edv\u00e1n\u00ed<br \/>\nZna\u010dka: Wedgwood<br \/>\nRozm\u011br<br \/>\nV\u00fd\u0161ka: 13 cm<br \/>\nHorn\u00ed pr\u016fm\u011br: 2 cm<br \/>\nSpodn\u00ed pr\u016fm\u011br: 4,5 cm<\/p>\n","protected":false},"excerpt":{"rendered":"<p>Josiah Wedgwood za\u010dal p\u0159ed 260 lety inspirovat lidi po cel\u00e9m sv\u011bt\u011b, aby sv\u00e9 stoly zdobili kreativn\u011b a stylov\u011b. Porcel\u00e1n t\u00e9to<\/p>\n","protected":false},"featured_media":10135,"template":"","meta":[],"product_brand":[153],"product_cat":[91],"product_tag":[],"class_list":{"0":"post-10134","1":"product","2":"type-product","3":"status-publish","4":"has-post-thumbnail","6":"product_brand-eterle-cz","7":"product_cat-prodane","9":"first","10":"outofstock","11":"purchasable","12":"product-type-simple"},"_links":{"self":[{"href":"https:\/\/eterle.cz\/eshop\/wp-json\/wp\/v2\/product\/10134","targetHints":{"allow":["GET"]}}],"collection":[{"href":"https:\/\/eterle.cz\/eshop\/wp-json\/wp\/v2\/product"}],"about":[{"href":"https:\/\/eterle.cz\/eshop\/wp-json\/wp\/v2\/types\/product"}],"version-history":[{"count":0,"href":"https:\/\/eterle.cz\/eshop\/wp-json\/wp\/v2\/product\/10134\/revisions"}],"wp:featuredmedia":[{"embeddable":true,"href":"https:\/\/eterle.cz\/eshop\/wp-json\/wp\/v2\/media\/10135"}],"wp:attachment":[{"href":"https:\/\/eterle.cz\/eshop\/wp-json\/wp\/v2\/media?parent=10134"}],"wp:term":[{"taxonomy":"product_brand","embeddable":true,"href":"https:\/\/eterle.cz\/eshop\/wp-json\/wp\/v2\/product_brand?post=10134"},{"taxonomy":"product_cat","embeddable":true,"href":"https:\/\/eterle.cz\/eshop\/wp-json\/wp\/v2\/product_cat?post=10134"},{"taxonomy":"product_tag","embeddable":true,"href":"https:\/\/eterle.cz\/eshop\/wp-json\/wp\/v2\/product_tag?post=10134"}],"curies":[{"name":"wp","href":"https:\/\/api.w.org\/{rel}","templated":true}]}}