{"id":10666,"date":"2022-09-11T23:00:13","date_gmt":"2022-09-11T21:00:13","guid":{"rendered":"https:\/\/eterle.cz\/eshop\/produkt\/doza-dux\/"},"modified":"2025-02-16T02:59:28","modified_gmt":"2025-02-16T01:59:28","slug":"doza-dux","status":"publish","type":"product","link":"https:\/\/eterle.cz\/eshop\/produkt\/doza-dux\/","title":{"rendered":"D\u00f3za \/ Dux"},"content":{"rendered":"<p>Porcel\u00e1nov\u00e1 d\u00f3za zdobena plastick\u00fdmi porcel\u00e1nov\u00fdmi kv\u00edtky, kter\u00e9 vypadaj\u00ed jako v\u011bne\u010dek pro lesn\u00ed v\u00edlu, byla vyrobena podle n\u00e1vrhu V. Fuksov\u00e9 pro Dux.<\/p>\n<p>Stav: perfektn\u00ed<br \/>\nZna\u010dka: Dux<br \/>\nRozm\u011br<br \/>\nV\u00fd\u0161ka: 10 cm<br \/>\nPr\u016fm\u011br: 7,5 cm<\/p>\n","protected":false},"excerpt":{"rendered":"<p>Porcel\u00e1nov\u00e1 d\u00f3za zdobena plastick\u00fdmi porcel\u00e1nov\u00fdmi kv\u00edtky, kter\u00e9 vypadaj\u00ed jako v\u011bne\u010dek pro lesn\u00ed v\u00edlu, byla vyrobena podle n\u00e1vrhu V. Fuksov\u00e9 pro<\/p>\n","protected":false},"featured_media":10667,"template":"","meta":[],"product_brand":[153],"product_cat":[91],"product_tag":[],"class_list":{"0":"post-10666","1":"product","2":"type-product","3":"status-publish","4":"has-post-thumbnail","6":"product_brand-eterle-cz","7":"product_cat-prodane","9":"first","10":"outofstock","11":"purchasable","12":"product-type-simple"},"_links":{"self":[{"href":"https:\/\/eterle.cz\/eshop\/wp-json\/wp\/v2\/product\/10666","targetHints":{"allow":["GET"]}}],"collection":[{"href":"https:\/\/eterle.cz\/eshop\/wp-json\/wp\/v2\/product"}],"about":[{"href":"https:\/\/eterle.cz\/eshop\/wp-json\/wp\/v2\/types\/product"}],"version-history":[{"count":0,"href":"https:\/\/eterle.cz\/eshop\/wp-json\/wp\/v2\/product\/10666\/revisions"}],"wp:featuredmedia":[{"embeddable":true,"href":"https:\/\/eterle.cz\/eshop\/wp-json\/wp\/v2\/media\/10667"}],"wp:attachment":[{"href":"https:\/\/eterle.cz\/eshop\/wp-json\/wp\/v2\/media?parent=10666"}],"wp:term":[{"taxonomy":"product_brand","embeddable":true,"href":"https:\/\/eterle.cz\/eshop\/wp-json\/wp\/v2\/product_brand?post=10666"},{"taxonomy":"product_cat","embeddable":true,"href":"https:\/\/eterle.cz\/eshop\/wp-json\/wp\/v2\/product_cat?post=10666"},{"taxonomy":"product_tag","embeddable":true,"href":"https:\/\/eterle.cz\/eshop\/wp-json\/wp\/v2\/product_tag?post=10666"}],"curies":[{"name":"wp","href":"https:\/\/api.w.org\/{rel}","templated":true}]}}