{"id":10672,"date":"2022-09-11T23:00:24","date_gmt":"2022-09-11T21:00:24","guid":{"rendered":"https:\/\/eterle.cz\/eshop\/produkt\/pierot-dux\/"},"modified":"2025-02-16T02:59:27","modified_gmt":"2025-02-16T01:59:27","slug":"pierot-dux","status":"publish","type":"product","link":"https:\/\/eterle.cz\/eshop\/produkt\/pierot-dux\/","title":{"rendered":"Pierot \/ Dux"},"content":{"rendered":"<p>Porcel\u00e1nov\u00e1 so\u0161ka pierota, postavy z francouzs\u00e9ho lidov\u00e9ho divadla, v typick\u00fdch dlouh\u00fdch b\u00edl\u00fdch \u0161atech s velk\u00fdmi knofl\u00edky. So\u0161ka je velmi detailn\u011b zpracovan\u00e1.<\/p>\n<p>Stav: perfektn\u00ed<br \/>\nZna\u010dka: Dux<br \/>\nRozm\u011br<br \/>\nV\u00fd\u0161ka: 13,5 cm<\/p>\n","protected":false},"excerpt":{"rendered":"<p>Porcel\u00e1nov\u00e1 so\u0161ka pierota, postavy z francouzs\u00e9ho lidov\u00e9ho divadla, v typick\u00fdch dlouh\u00fdch b\u00edl\u00fdch \u0161atech s velk\u00fdmi knofl\u00edky. So\u0161ka je velmi detailn\u011b<\/p>\n","protected":false},"featured_media":10673,"template":"","meta":[],"product_brand":[153],"product_cat":[91],"product_tag":[],"class_list":{"0":"post-10672","1":"product","2":"type-product","3":"status-publish","4":"has-post-thumbnail","6":"product_brand-eterle-cz","7":"product_cat-prodane","9":"first","10":"outofstock","11":"purchasable","12":"product-type-simple"},"_links":{"self":[{"href":"https:\/\/eterle.cz\/eshop\/wp-json\/wp\/v2\/product\/10672","targetHints":{"allow":["GET"]}}],"collection":[{"href":"https:\/\/eterle.cz\/eshop\/wp-json\/wp\/v2\/product"}],"about":[{"href":"https:\/\/eterle.cz\/eshop\/wp-json\/wp\/v2\/types\/product"}],"version-history":[{"count":0,"href":"https:\/\/eterle.cz\/eshop\/wp-json\/wp\/v2\/product\/10672\/revisions"}],"wp:featuredmedia":[{"embeddable":true,"href":"https:\/\/eterle.cz\/eshop\/wp-json\/wp\/v2\/media\/10673"}],"wp:attachment":[{"href":"https:\/\/eterle.cz\/eshop\/wp-json\/wp\/v2\/media?parent=10672"}],"wp:term":[{"taxonomy":"product_brand","embeddable":true,"href":"https:\/\/eterle.cz\/eshop\/wp-json\/wp\/v2\/product_brand?post=10672"},{"taxonomy":"product_cat","embeddable":true,"href":"https:\/\/eterle.cz\/eshop\/wp-json\/wp\/v2\/product_cat?post=10672"},{"taxonomy":"product_tag","embeddable":true,"href":"https:\/\/eterle.cz\/eshop\/wp-json\/wp\/v2\/product_tag?post=10672"}],"curies":[{"name":"wp","href":"https:\/\/api.w.org\/{rel}","templated":true}]}}