{"id":10677,"date":"2022-09-11T23:00:33","date_gmt":"2022-09-11T21:00:33","guid":{"rendered":"https:\/\/eterle.cz\/eshop\/produkt\/liska-dux\/"},"modified":"2025-02-16T02:59:27","modified_gmt":"2025-02-16T01:59:27","slug":"liska-dux","status":"publish","type":"product","link":"https:\/\/eterle.cz\/eshop\/produkt\/liska-dux\/","title":{"rendered":"Li\u0161\u00e1k \/ Dux"},"content":{"rendered":"<p>Li\u0161\u00e1k podle n\u00e1vrhu v\u00fdtvarn\u00edka Jaroslava Je\u017eka pro Dux. Jaroslav Je\u017eek z\u00edskal za sv\u00e9 dva n\u00e1vrhy (socha klisni\u010dka a h\u0159ebec, moka servis Elka) presti\u017en\u00ed ocen\u011bn\u00ed na v\u00fdstav\u011b EXPO 58. J. Je\u017eek vytvo\u0159il celou \u0159adu zv\u00ed\u0159ec\u00edch figurek a jejich \u00fasp\u011bch na Expu nastartoval vznik mnoha dal\u0161\u00edch a to i od jin\u00fdch v\u00fdtvarn\u00edk\u016f.<\/p>\n<p>Stav: perfektn\u00ed<br \/>\nZna\u010dka: Dux<br \/>\nRozm\u011br<br \/>\nV\u00fd\u0161ka v\u010detn\u011b u\u0161\u00ed: 16,5 cm<br \/>\nD\u00e9lka: 27,5 cm<\/p>\n","protected":false},"excerpt":{"rendered":"<p>Li\u0161\u00e1k podle n\u00e1vrhu v\u00fdtvarn\u00edka Jaroslava Je\u017eka pro Dux. Jaroslav Je\u017eek z\u00edskal za sv\u00e9 dva n\u00e1vrhy (socha klisni\u010dka a h\u0159ebec, moka<\/p>\n","protected":false},"featured_media":10678,"template":"","meta":[],"product_brand":[153],"product_cat":[91],"product_tag":[],"class_list":{"0":"post-10677","1":"product","2":"type-product","3":"status-publish","4":"has-post-thumbnail","6":"product_brand-eterle-cz","7":"product_cat-prodane","9":"first","10":"outofstock","11":"purchasable","12":"product-type-simple"},"_links":{"self":[{"href":"https:\/\/eterle.cz\/eshop\/wp-json\/wp\/v2\/product\/10677","targetHints":{"allow":["GET"]}}],"collection":[{"href":"https:\/\/eterle.cz\/eshop\/wp-json\/wp\/v2\/product"}],"about":[{"href":"https:\/\/eterle.cz\/eshop\/wp-json\/wp\/v2\/types\/product"}],"version-history":[{"count":1,"href":"https:\/\/eterle.cz\/eshop\/wp-json\/wp\/v2\/product\/10677\/revisions"}],"predecessor-version":[{"id":11943,"href":"https:\/\/eterle.cz\/eshop\/wp-json\/wp\/v2\/product\/10677\/revisions\/11943"}],"wp:featuredmedia":[{"embeddable":true,"href":"https:\/\/eterle.cz\/eshop\/wp-json\/wp\/v2\/media\/10678"}],"wp:attachment":[{"href":"https:\/\/eterle.cz\/eshop\/wp-json\/wp\/v2\/media?parent=10677"}],"wp:term":[{"taxonomy":"product_brand","embeddable":true,"href":"https:\/\/eterle.cz\/eshop\/wp-json\/wp\/v2\/product_brand?post=10677"},{"taxonomy":"product_cat","embeddable":true,"href":"https:\/\/eterle.cz\/eshop\/wp-json\/wp\/v2\/product_cat?post=10677"},{"taxonomy":"product_tag","embeddable":true,"href":"https:\/\/eterle.cz\/eshop\/wp-json\/wp\/v2\/product_tag?post=10677"}],"curies":[{"name":"wp","href":"https:\/\/api.w.org\/{rel}","templated":true}]}}