{"id":10681,"date":"2022-09-11T23:00:41","date_gmt":"2022-09-11T21:00:41","guid":{"rendered":"https:\/\/eterle.cz\/eshop\/produkt\/skleneny-svicen-moser\/"},"modified":"2025-02-16T02:59:26","modified_gmt":"2025-02-16T01:59:26","slug":"skleneny-svicen-moser","status":"publish","type":"product","link":"https:\/\/eterle.cz\/eshop\/produkt\/skleneny-svicen-moser\/","title":{"rendered":"Sklen\u011bn\u00fd sv\u00edcen \/ Moser"},"content":{"rendered":"<p>Nov\u00fd sklen\u011bn\u00fd sv\u00edcen Moser, kter\u00fd ji\u017e nen\u00ed ve v\u00fdrob\u011b ani v prodeji. Moser je \u010desk\u00e1 firma zab\u00fdvaj\u00edc\u00ed se v\u00fdrobou bezolovnat\u00e9ho a ru\u010dn\u011b vyr\u00e1b\u011bn\u00e9ho luxusn\u00edho k\u0159i\u0161\u0165\u00e1lu. Firma byla zalo\u017eena v roce 1857 v Karlov\u00fdch Varech a z\u00edskala obdiv a uzn\u00e1n\u00ed od v\u00fdjime\u010dn\u00fdch osobnost\u00ed z cel\u00e9ho sv\u011bta.<\/p>\n<p>Stav: perfektn\u00ed<br \/>\nZna\u010dka: Moser<br \/>\nRozm\u011br<br \/>\nV\u00fd\u0161ka: 5 cm<br \/>\nD\u00e9lka: 12 cm<br \/>\n\u0160\u00ed\u0159ka: 7,5 cm<br \/>\nPr\u016fm\u011br na sv\u00ed\u010dku: 5,5 cm<\/p>\n","protected":false},"excerpt":{"rendered":"<p>Nov\u00fd sklen\u011bn\u00fd sv\u00edcen Moser, kter\u00fd ji\u017e nen\u00ed ve v\u00fdrob\u011b ani v prodeji. Moser je \u010desk\u00e1 firma zab\u00fdvaj\u00edc\u00ed se v\u00fdrobou bezolovnat\u00e9ho<\/p>\n","protected":false},"featured_media":10682,"template":"","meta":[],"product_brand":[153],"product_cat":[91],"product_tag":[],"class_list":{"0":"post-10681","1":"product","2":"type-product","3":"status-publish","4":"has-post-thumbnail","6":"product_brand-eterle-cz","7":"product_cat-prodane","9":"first","10":"outofstock","11":"purchasable","12":"product-type-simple"},"_links":{"self":[{"href":"https:\/\/eterle.cz\/eshop\/wp-json\/wp\/v2\/product\/10681","targetHints":{"allow":["GET"]}}],"collection":[{"href":"https:\/\/eterle.cz\/eshop\/wp-json\/wp\/v2\/product"}],"about":[{"href":"https:\/\/eterle.cz\/eshop\/wp-json\/wp\/v2\/types\/product"}],"version-history":[{"count":0,"href":"https:\/\/eterle.cz\/eshop\/wp-json\/wp\/v2\/product\/10681\/revisions"}],"wp:featuredmedia":[{"embeddable":true,"href":"https:\/\/eterle.cz\/eshop\/wp-json\/wp\/v2\/media\/10682"}],"wp:attachment":[{"href":"https:\/\/eterle.cz\/eshop\/wp-json\/wp\/v2\/media?parent=10681"}],"wp:term":[{"taxonomy":"product_brand","embeddable":true,"href":"https:\/\/eterle.cz\/eshop\/wp-json\/wp\/v2\/product_brand?post=10681"},{"taxonomy":"product_cat","embeddable":true,"href":"https:\/\/eterle.cz\/eshop\/wp-json\/wp\/v2\/product_cat?post=10681"},{"taxonomy":"product_tag","embeddable":true,"href":"https:\/\/eterle.cz\/eshop\/wp-json\/wp\/v2\/product_tag?post=10681"}],"curies":[{"name":"wp","href":"https:\/\/api.w.org\/{rel}","templated":true}]}}