{"id":10687,"date":"2022-09-11T23:00:56","date_gmt":"2022-09-11T21:00:56","guid":{"rendered":"https:\/\/eterle.cz\/eshop\/produkt\/zrcadlo-proutene-jipro-pro-uluv\/"},"modified":"2025-02-16T02:59:26","modified_gmt":"2025-02-16T01:59:26","slug":"zrcadlo-proutene-jipro-pro-uluv","status":"publish","type":"product","link":"https:\/\/eterle.cz\/eshop\/produkt\/zrcadlo-proutene-jipro-pro-uluv\/","title":{"rendered":"Zrcadlo prout\u011bn\u00e9 \/ Jipro pro \u00daLUV"},"content":{"rendered":"<p>Mal\u00e9 ov\u00e1ln\u00e9 zrcadlo bez po\u0161kozen\u00ed z 90. let. Ve stejn\u00e9m stylu k dispozici i stoel\u010dek, stoli\u010dky, &#8222;lavi\u010dka&#8220; a v\u011b\u0161\u00e1k.<\/p>\n<p>Stav: dobr\u00fd<br \/>\nZna\u010dka: Jipro pro \u00daLUV<br \/>\nRozm\u011br: 43 x 32 cm<\/p>\n","protected":false},"excerpt":{"rendered":"<p>Mal\u00e9 ov\u00e1ln\u00e9 zrcadlo bez po\u0161kozen\u00ed z 90. let. Ve stejn\u00e9m stylu k dispozici i stoel\u010dek, stoli\u010dky, &#8222;lavi\u010dka&#8220; a v\u011b\u0161\u00e1k. Stav:<\/p>\n","protected":false},"featured_media":10688,"template":"","meta":[],"product_brand":[153],"product_cat":[91],"product_tag":[],"class_list":{"0":"post-10687","1":"product","2":"type-product","3":"status-publish","4":"has-post-thumbnail","6":"product_brand-eterle-cz","7":"product_cat-prodane","8":"product_shipping_class-nadrozmerne","10":"first","11":"outofstock","12":"purchasable","13":"product-type-simple"},"_links":{"self":[{"href":"https:\/\/eterle.cz\/eshop\/wp-json\/wp\/v2\/product\/10687","targetHints":{"allow":["GET"]}}],"collection":[{"href":"https:\/\/eterle.cz\/eshop\/wp-json\/wp\/v2\/product"}],"about":[{"href":"https:\/\/eterle.cz\/eshop\/wp-json\/wp\/v2\/types\/product"}],"version-history":[{"count":0,"href":"https:\/\/eterle.cz\/eshop\/wp-json\/wp\/v2\/product\/10687\/revisions"}],"wp:featuredmedia":[{"embeddable":true,"href":"https:\/\/eterle.cz\/eshop\/wp-json\/wp\/v2\/media\/10688"}],"wp:attachment":[{"href":"https:\/\/eterle.cz\/eshop\/wp-json\/wp\/v2\/media?parent=10687"}],"wp:term":[{"taxonomy":"product_brand","embeddable":true,"href":"https:\/\/eterle.cz\/eshop\/wp-json\/wp\/v2\/product_brand?post=10687"},{"taxonomy":"product_cat","embeddable":true,"href":"https:\/\/eterle.cz\/eshop\/wp-json\/wp\/v2\/product_cat?post=10687"},{"taxonomy":"product_tag","embeddable":true,"href":"https:\/\/eterle.cz\/eshop\/wp-json\/wp\/v2\/product_tag?post=10687"}],"curies":[{"name":"wp","href":"https:\/\/api.w.org\/{rel}","templated":true}]}}