{"id":10698,"date":"2022-09-11T23:01:16","date_gmt":"2022-09-11T21:01:16","guid":{"rendered":"https:\/\/eterle.cz\/eshop\/produkt\/porcelanovy-svicen-rosenthal-3\/"},"modified":"2025-02-16T02:59:25","modified_gmt":"2025-02-16T01:59:25","slug":"porcelanovy-svicen-rosenthal-3","status":"publish","type":"product","link":"https:\/\/eterle.cz\/eshop\/produkt\/porcelanovy-svicen-rosenthal-3\/","title":{"rendered":"Porcel\u00e1nov\u00fd sv\u00edcen \/ Rosenthal"},"content":{"rendered":"<p>Sv\u00edcen &#8222;Romance&#8220; od n\u011bmeck\u00e9 porcel\u00e1nky Rosenthal podle n\u00e1vrhu d\u00e1nsk\u00e9ho mal\u00ed\u0159e a design\u00e9ra Bj\u00f8rn Wiinblada.Tento designer byl v New Yorku v roce 1985 jmenov\u00e1n Mu\u017eem roku a v roce 1995 z\u00edskal kulturn\u00ed cenu Americko-skandin\u00e1vsk\u00e9 nadace. Wiinblad byl v\u00fdznamn\u00fdm n\u00e1vrh\u00e1\u0159em porcel\u00e1nky Rosenthal. Porcel\u00e1n pln\u011b pokryt plastick\u00fdm jemn\u00fdm vzorm ov\u00e1l\u016f a te\u010dek, kter\u00fd je je\u0161t\u011b dekorov\u00e1n ru\u010dn\u00ed malbou kv\u011btin.<\/p>\n<p>Stav: velmi dobr\u00fd, na spodn\u00edm okraji u dna jakoby \u0161pinav\u00e9 a po\u0161kozen\u00e1 glazura<br \/>\nZna\u010dka: Rosenthal<br \/>\nRozm\u011br<br \/>\nV\u00fd\u0161ka: 7 cm<br \/>\nPr\u016fm\u011br: 13 cm<br \/>\nOtvor na sv\u00ed\u010dku: cca 2 a 3,5 cm (mo\u017en\u00e9 d\u00e1t dv\u011b velikosti)<\/p>\n","protected":false},"excerpt":{"rendered":"<p>Sv\u00edcen &#8222;Romance&#8220; od n\u011bmeck\u00e9 porcel\u00e1nky Rosenthal podle n\u00e1vrhu d\u00e1nsk\u00e9ho mal\u00ed\u0159e a design\u00e9ra Bj\u00f8rn Wiinblada.Tento designer byl v New Yorku v<\/p>\n","protected":false},"featured_media":10699,"template":"","meta":[],"product_brand":[153],"product_cat":[91],"product_tag":[],"class_list":{"0":"post-10698","1":"product","2":"type-product","3":"status-publish","4":"has-post-thumbnail","6":"product_brand-eterle-cz","7":"product_cat-prodane","9":"first","10":"outofstock","11":"purchasable","12":"product-type-simple"},"_links":{"self":[{"href":"https:\/\/eterle.cz\/eshop\/wp-json\/wp\/v2\/product\/10698","targetHints":{"allow":["GET"]}}],"collection":[{"href":"https:\/\/eterle.cz\/eshop\/wp-json\/wp\/v2\/product"}],"about":[{"href":"https:\/\/eterle.cz\/eshop\/wp-json\/wp\/v2\/types\/product"}],"version-history":[{"count":0,"href":"https:\/\/eterle.cz\/eshop\/wp-json\/wp\/v2\/product\/10698\/revisions"}],"wp:featuredmedia":[{"embeddable":true,"href":"https:\/\/eterle.cz\/eshop\/wp-json\/wp\/v2\/media\/10699"}],"wp:attachment":[{"href":"https:\/\/eterle.cz\/eshop\/wp-json\/wp\/v2\/media?parent=10698"}],"wp:term":[{"taxonomy":"product_brand","embeddable":true,"href":"https:\/\/eterle.cz\/eshop\/wp-json\/wp\/v2\/product_brand?post=10698"},{"taxonomy":"product_cat","embeddable":true,"href":"https:\/\/eterle.cz\/eshop\/wp-json\/wp\/v2\/product_cat?post=10698"},{"taxonomy":"product_tag","embeddable":true,"href":"https:\/\/eterle.cz\/eshop\/wp-json\/wp\/v2\/product_tag?post=10698"}],"curies":[{"name":"wp","href":"https:\/\/api.w.org\/{rel}","templated":true}]}}