{"id":10705,"date":"2022-09-11T23:01:28","date_gmt":"2022-09-11T21:01:28","guid":{"rendered":"https:\/\/eterle.cz\/eshop\/produkt\/misa-na-noze-rosenthal\/"},"modified":"2025-02-16T02:59:25","modified_gmt":"2025-02-16T01:59:25","slug":"misa-na-noze-rosenthal","status":"publish","type":"product","link":"https:\/\/eterle.cz\/eshop\/produkt\/misa-na-noze-rosenthal\/","title":{"rendered":"M\u00edsa na noze \/ Rosenthal"},"content":{"rendered":"<p>Pro milovn\u00edky luxusn\u00edho porcel\u00e1nu Rosenthal a sv\u00e1te\u010dn\u00edch tabul\u00ed. Velk\u00e1 porcel\u00e1nov\u00e1 m\u00edsa na noze s malovan\u00fdm dekorem pod glazurou. Motiv dekoru je v\u00fdjev z japonsk\u00e9 zahrady. Zlat\u00e9 lemy po obvodu tal\u00ed\u0159e i nohy jsou naprosto nepo\u0161kozeny.<\/p>\n<p>Stav: perfektn\u00ed<br \/>\nZna\u010dka: Rosenthal<br \/>\nRozm\u011br<br \/>\nV\u00fd\u0161ka: 8 cm<br \/>\nPr\u016fm\u011br: 33 cm<\/p>\n","protected":false},"excerpt":{"rendered":"<p>Pro milovn\u00edky luxusn\u00edho porcel\u00e1nu Rosenthal a sv\u00e1te\u010dn\u00edch tabul\u00ed. Velk\u00e1 porcel\u00e1nov\u00e1 m\u00edsa na noze s malovan\u00fdm dekorem pod glazurou. Motiv dekoru<\/p>\n","protected":false},"featured_media":10706,"template":"","meta":[],"product_brand":[153],"product_cat":[91],"product_tag":[],"class_list":{"0":"post-10705","1":"product","2":"type-product","3":"status-publish","4":"has-post-thumbnail","6":"product_brand-eterle-cz","7":"product_cat-prodane","9":"first","10":"outofstock","11":"purchasable","12":"product-type-simple"},"_links":{"self":[{"href":"https:\/\/eterle.cz\/eshop\/wp-json\/wp\/v2\/product\/10705","targetHints":{"allow":["GET"]}}],"collection":[{"href":"https:\/\/eterle.cz\/eshop\/wp-json\/wp\/v2\/product"}],"about":[{"href":"https:\/\/eterle.cz\/eshop\/wp-json\/wp\/v2\/types\/product"}],"version-history":[{"count":0,"href":"https:\/\/eterle.cz\/eshop\/wp-json\/wp\/v2\/product\/10705\/revisions"}],"wp:featuredmedia":[{"embeddable":true,"href":"https:\/\/eterle.cz\/eshop\/wp-json\/wp\/v2\/media\/10706"}],"wp:attachment":[{"href":"https:\/\/eterle.cz\/eshop\/wp-json\/wp\/v2\/media?parent=10705"}],"wp:term":[{"taxonomy":"product_brand","embeddable":true,"href":"https:\/\/eterle.cz\/eshop\/wp-json\/wp\/v2\/product_brand?post=10705"},{"taxonomy":"product_cat","embeddable":true,"href":"https:\/\/eterle.cz\/eshop\/wp-json\/wp\/v2\/product_cat?post=10705"},{"taxonomy":"product_tag","embeddable":true,"href":"https:\/\/eterle.cz\/eshop\/wp-json\/wp\/v2\/product_tag?post=10705"}],"curies":[{"name":"wp","href":"https:\/\/api.w.org\/{rel}","templated":true}]}}