{"id":10718,"date":"2022-09-11T23:01:51","date_gmt":"2022-09-11T21:01:51","guid":{"rendered":"https:\/\/eterle.cz\/eshop\/produkt\/4-hrnecky-na-espresso-loucky\/"},"modified":"2025-02-16T02:59:24","modified_gmt":"2025-02-16T01:59:24","slug":"4-hrnecky-na-espresso-loucky","status":"publish","type":"product","link":"https:\/\/eterle.cz\/eshop\/produkt\/4-hrnecky-na-espresso-loucky\/","title":{"rendered":"4 hrne\u010dky na espresso \/ Lou\u010dky"},"content":{"rendered":"<p>Hrne\u010dky na espresso v bruselsk\u00e9m stylu v typick\u00fdch pastelov\u00fdch barv\u00e1ch poch\u00e1z\u00ed od \u010desk\u00e9 porcel\u00e1nky Lou\u010dky, pro kterou je tato barevnost tak\u00e9 charakteristick\u00e1.<\/p>\n<p>Stav: velmi dobr\u00fd, bez po\u0161kozen\u00ed<br \/>\nZna\u010dka: Lou\u010dky<br \/>\nRozm\u011br<br \/>\nObjem hrne\u010dku: 70  ml<br \/>\nPr\u016fm\u011br pod\u0161\u00e1lku: 11  cm<\/p>\n","protected":false},"excerpt":{"rendered":"<p>Hrne\u010dky na espresso v bruselsk\u00e9m stylu v typick\u00fdch pastelov\u00fdch barv\u00e1ch poch\u00e1z\u00ed od \u010desk\u00e9 porcel\u00e1nky Lou\u010dky, pro kterou je tato barevnost<\/p>\n","protected":false},"featured_media":10719,"template":"","meta":[],"product_brand":[153],"product_cat":[91],"product_tag":[],"class_list":{"0":"post-10718","1":"product","2":"type-product","3":"status-publish","4":"has-post-thumbnail","6":"product_brand-eterle-cz","7":"product_cat-prodane","9":"first","10":"outofstock","11":"purchasable","12":"product-type-simple"},"_links":{"self":[{"href":"https:\/\/eterle.cz\/eshop\/wp-json\/wp\/v2\/product\/10718","targetHints":{"allow":["GET"]}}],"collection":[{"href":"https:\/\/eterle.cz\/eshop\/wp-json\/wp\/v2\/product"}],"about":[{"href":"https:\/\/eterle.cz\/eshop\/wp-json\/wp\/v2\/types\/product"}],"version-history":[{"count":0,"href":"https:\/\/eterle.cz\/eshop\/wp-json\/wp\/v2\/product\/10718\/revisions"}],"wp:featuredmedia":[{"embeddable":true,"href":"https:\/\/eterle.cz\/eshop\/wp-json\/wp\/v2\/media\/10719"}],"wp:attachment":[{"href":"https:\/\/eterle.cz\/eshop\/wp-json\/wp\/v2\/media?parent=10718"}],"wp:term":[{"taxonomy":"product_brand","embeddable":true,"href":"https:\/\/eterle.cz\/eshop\/wp-json\/wp\/v2\/product_brand?post=10718"},{"taxonomy":"product_cat","embeddable":true,"href":"https:\/\/eterle.cz\/eshop\/wp-json\/wp\/v2\/product_cat?post=10718"},{"taxonomy":"product_tag","embeddable":true,"href":"https:\/\/eterle.cz\/eshop\/wp-json\/wp\/v2\/product_tag?post=10718"}],"curies":[{"name":"wp","href":"https:\/\/api.w.org\/{rel}","templated":true}]}}