{"id":10724,"date":"2022-09-11T23:02:04","date_gmt":"2022-09-11T21:02:04","guid":{"rendered":"https:\/\/eterle.cz\/eshop\/produkt\/polevkova-misa\/"},"modified":"2025-08-06T12:53:59","modified_gmt":"2025-08-06T10:53:59","slug":"polevkova-misa","status":"publish","type":"product","link":"https:\/\/eterle.cz\/eshop\/produkt\/polevkova-misa\/","title":{"rendered":"Pol\u00e9vkov\u00e1 m\u00edsa"},"content":{"rendered":"<p>Pol\u00e9vkov\u00e1 m\u00edsa se asi v mnoha dom\u00e1cnostech vynd\u00e1 jen na \u0161t\u011bdrove\u010dern\u00ed ve\u010de\u0159i, ale moje tch\u00fdn\u011b v n\u00ed t\u0159eba pod\u00e1v\u00e1 pol\u00e9vku pravideln\u011b. Je to kr\u00e1sn\u00fd zvyk a serv\u00edrov\u00e1n\u00ed dostane hned jin\u00fd rozm\u011br. Pokud m\u00e1te po\u010detnou rodinu, vyu\u017eije m\u00edsu jist\u011b \u010dast\u011bji ne\u017e jednou do roka, tento dekor n\u011b\u017en\u00fdch kv\u011btin v tlumen\u00fdch barv\u00e1ch to jist\u011b umo\u017e\u0148uje.<\/p>\n<p>Stav: vintage patina s drobn\u00fdmi nedostatky, zlat\u00e9 linky m\u00edsty set\u0159en\u00e9.<br \/>\nZna\u010dka: SJC Bavaria<br \/>\nRozm\u011br<br \/>\nObjem: 2,5 l<\/p>\n","protected":false},"excerpt":{"rendered":"<p>Pol\u00e9vkov\u00e1 m\u00edsa se asi v mnoha dom\u00e1cnostech vynd\u00e1 jen na \u0161t\u011bdrove\u010dern\u00ed ve\u010de\u0159i, ale moje tch\u00fdn\u011b v n\u00ed t\u0159eba pod\u00e1v\u00e1 pol\u00e9vku<\/p>\n","protected":false},"featured_media":10725,"template":"","meta":[],"product_brand":[153],"product_cat":[76,110],"product_tag":[],"class_list":{"0":"post-10724","1":"product","2":"type-product","3":"status-publish","4":"has-post-thumbnail","6":"product_brand-eterle-cz","7":"product_cat-porcelan","8":"product_cat-misy","10":"first","11":"instock","12":"purchasable","13":"product-type-simple"},"_links":{"self":[{"href":"https:\/\/eterle.cz\/eshop\/wp-json\/wp\/v2\/product\/10724","targetHints":{"allow":["GET"]}}],"collection":[{"href":"https:\/\/eterle.cz\/eshop\/wp-json\/wp\/v2\/product"}],"about":[{"href":"https:\/\/eterle.cz\/eshop\/wp-json\/wp\/v2\/types\/product"}],"version-history":[{"count":1,"href":"https:\/\/eterle.cz\/eshop\/wp-json\/wp\/v2\/product\/10724\/revisions"}],"predecessor-version":[{"id":26056,"href":"https:\/\/eterle.cz\/eshop\/wp-json\/wp\/v2\/product\/10724\/revisions\/26056"}],"wp:featuredmedia":[{"embeddable":true,"href":"https:\/\/eterle.cz\/eshop\/wp-json\/wp\/v2\/media\/10725"}],"wp:attachment":[{"href":"https:\/\/eterle.cz\/eshop\/wp-json\/wp\/v2\/media?parent=10724"}],"wp:term":[{"taxonomy":"product_brand","embeddable":true,"href":"https:\/\/eterle.cz\/eshop\/wp-json\/wp\/v2\/product_brand?post=10724"},{"taxonomy":"product_cat","embeddable":true,"href":"https:\/\/eterle.cz\/eshop\/wp-json\/wp\/v2\/product_cat?post=10724"},{"taxonomy":"product_tag","embeddable":true,"href":"https:\/\/eterle.cz\/eshop\/wp-json\/wp\/v2\/product_tag?post=10724"}],"curies":[{"name":"wp","href":"https:\/\/api.w.org\/{rel}","templated":true}]}}