{"id":10749,"date":"2022-09-11T23:02:50","date_gmt":"2022-09-11T21:02:50","guid":{"rendered":"https:\/\/eterle.cz\/eshop\/produkt\/cajova-konvice-villeroy-boch\/"},"modified":"2025-02-16T02:59:22","modified_gmt":"2025-02-16T01:59:22","slug":"cajova-konvice-villeroy-boch","status":"publish","type":"product","link":"https:\/\/eterle.cz\/eshop\/produkt\/cajova-konvice-villeroy-boch\/","title":{"rendered":"\u010cajov\u00e1 konvice \/ Villeroy Boch"},"content":{"rendered":"<p>\u010cajov\u00e1 konvice Villeroy Boch z kolekce Burgenland v typik\u00e9m anglick\u00e9m stylu poch\u00e1z\u00ed dle zna\u010den\u00ed z roku 1960. Porcel\u00e1n je v barv\u011b slonov\u00e9 kosti a zdob\u00ed jej r\u016f\u017eovo-v\u00ednov\u00fd motiv krajiny.<\/p>\n<p>Stav: dobr\u00fd, jen m\u00edsty drobn\u00e9 krekov\u00e1n\u00ed<br \/>\nZna\u010dka: Villeroy Boch<br \/>\nRozm\u011br<br \/>\nObjem: 1 l<br \/>\nV\u00fd\u0161ka: 19 cm<\/p>\n","protected":false},"excerpt":{"rendered":"<p>\u010cajov\u00e1 konvice Villeroy Boch z kolekce Burgenland v typik\u00e9m anglick\u00e9m stylu poch\u00e1z\u00ed dle zna\u010den\u00ed z roku 1960. Porcel\u00e1n je v<\/p>\n","protected":false},"featured_media":10750,"template":"","meta":[],"product_brand":[153],"product_cat":[91],"product_tag":[],"class_list":{"0":"post-10749","1":"product","2":"type-product","3":"status-publish","4":"has-post-thumbnail","6":"product_brand-eterle-cz","7":"product_cat-prodane","9":"first","10":"outofstock","11":"purchasable","12":"product-type-simple"},"_links":{"self":[{"href":"https:\/\/eterle.cz\/eshop\/wp-json\/wp\/v2\/product\/10749","targetHints":{"allow":["GET"]}}],"collection":[{"href":"https:\/\/eterle.cz\/eshop\/wp-json\/wp\/v2\/product"}],"about":[{"href":"https:\/\/eterle.cz\/eshop\/wp-json\/wp\/v2\/types\/product"}],"version-history":[{"count":0,"href":"https:\/\/eterle.cz\/eshop\/wp-json\/wp\/v2\/product\/10749\/revisions"}],"wp:featuredmedia":[{"embeddable":true,"href":"https:\/\/eterle.cz\/eshop\/wp-json\/wp\/v2\/media\/10750"}],"wp:attachment":[{"href":"https:\/\/eterle.cz\/eshop\/wp-json\/wp\/v2\/media?parent=10749"}],"wp:term":[{"taxonomy":"product_brand","embeddable":true,"href":"https:\/\/eterle.cz\/eshop\/wp-json\/wp\/v2\/product_brand?post=10749"},{"taxonomy":"product_cat","embeddable":true,"href":"https:\/\/eterle.cz\/eshop\/wp-json\/wp\/v2\/product_cat?post=10749"},{"taxonomy":"product_tag","embeddable":true,"href":"https:\/\/eterle.cz\/eshop\/wp-json\/wp\/v2\/product_tag?post=10749"}],"curies":[{"name":"wp","href":"https:\/\/api.w.org\/{rel}","templated":true}]}}