{"id":10758,"date":"2022-09-11T23:03:07","date_gmt":"2022-09-11T21:03:07","guid":{"rendered":"https:\/\/eterle.cz\/eshop\/produkt\/cajova-konvice\/"},"modified":"2025-02-16T02:59:22","modified_gmt":"2025-02-16T01:59:22","slug":"cajova-konvice","status":"publish","type":"product","link":"https:\/\/eterle.cz\/eshop\/produkt\/cajova-konvice\/","title":{"rendered":"\u010cajov\u00e1 konvice"},"content":{"rendered":"<p>Porcel\u00e1nov\u00e1 \u010dajov\u00e1 konvice s netypickou kombinac\u00ed nerezov\u00e9ho v\u00ed\u010dka s cedn\u00ed\u010dkem.<\/p>\n<p>Stav: dobr\u00fd s patinou, zlat\u00e1 linka m\u00edsty o\u0161oupan\u00e1. Dekor kv\u011btin m\u00edsty lehce set\u0159en. Uvnit\u0159 lehk\u00e1 usazenina od \u010daje.<br \/>\nRozm\u011br<br \/>\nObjem: 1 l<br \/>\nV\u00fd\u0161ka: 22 cm<\/p>\n","protected":false},"excerpt":{"rendered":"<p>Porcel\u00e1nov\u00e1 \u010dajov\u00e1 konvice s netypickou kombinac\u00ed nerezov\u00e9ho v\u00ed\u010dka s cedn\u00ed\u010dkem. Stav: dobr\u00fd s patinou, zlat\u00e1 linka m\u00edsty o\u0161oupan\u00e1. Dekor kv\u011btin<\/p>\n","protected":false},"featured_media":10759,"template":"","meta":[],"product_brand":[153],"product_cat":[91],"product_tag":[],"class_list":{"0":"post-10758","1":"product","2":"type-product","3":"status-publish","4":"has-post-thumbnail","6":"product_brand-eterle-cz","7":"product_cat-prodane","9":"first","10":"outofstock","11":"purchasable","12":"product-type-simple"},"_links":{"self":[{"href":"https:\/\/eterle.cz\/eshop\/wp-json\/wp\/v2\/product\/10758","targetHints":{"allow":["GET"]}}],"collection":[{"href":"https:\/\/eterle.cz\/eshop\/wp-json\/wp\/v2\/product"}],"about":[{"href":"https:\/\/eterle.cz\/eshop\/wp-json\/wp\/v2\/types\/product"}],"version-history":[{"count":0,"href":"https:\/\/eterle.cz\/eshop\/wp-json\/wp\/v2\/product\/10758\/revisions"}],"wp:featuredmedia":[{"embeddable":true,"href":"https:\/\/eterle.cz\/eshop\/wp-json\/wp\/v2\/media\/10759"}],"wp:attachment":[{"href":"https:\/\/eterle.cz\/eshop\/wp-json\/wp\/v2\/media?parent=10758"}],"wp:term":[{"taxonomy":"product_brand","embeddable":true,"href":"https:\/\/eterle.cz\/eshop\/wp-json\/wp\/v2\/product_brand?post=10758"},{"taxonomy":"product_cat","embeddable":true,"href":"https:\/\/eterle.cz\/eshop\/wp-json\/wp\/v2\/product_cat?post=10758"},{"taxonomy":"product_tag","embeddable":true,"href":"https:\/\/eterle.cz\/eshop\/wp-json\/wp\/v2\/product_tag?post=10758"}],"curies":[{"name":"wp","href":"https:\/\/api.w.org\/{rel}","templated":true}]}}