{"id":10765,"date":"2022-09-11T23:03:20","date_gmt":"2022-09-11T21:03:20","guid":{"rendered":"https:\/\/eterle.cz\/eshop\/produkt\/cajova-konvice-freiberger\/"},"modified":"2025-02-16T02:59:22","modified_gmt":"2025-02-16T01:59:22","slug":"cajova-konvice-freiberger","status":"publish","type":"product","link":"https:\/\/eterle.cz\/eshop\/produkt\/cajova-konvice-freiberger\/","title":{"rendered":"\u010cajov\u00e1 konvice \/ Freiberger"},"content":{"rendered":"<p>Nad\u010dasov\u00e1 \u010dajov\u00e1 konvice s n\u011b\u017en\u00fdm jednoduch\u00fdm plastick\u00fdm dekorem vhodn\u00e1 na \u010daj pro single nebo na k\u00e1vu pro dva.<\/p>\n<p>Stav: velmi dobr\u00fd, zlacen\u00ed nepo\u0161kozeno. Jen uvnit\u0159 nese lehk\u00e9 zn\u00e1mky pou\u017e\u00edv\u00e1n\u00ed.<br \/>\nZna\u010dka: Freiberger<br \/>\nRozm\u011br<br \/>\nObjem: 900 ml<br \/>\nV\u00fd\u0161ka: 22 cm<\/p>\n","protected":false},"excerpt":{"rendered":"<p>Nad\u010dasov\u00e1 \u010dajov\u00e1 konvice s n\u011b\u017en\u00fdm jednoduch\u00fdm plastick\u00fdm dekorem vhodn\u00e1 na \u010daj pro single nebo na k\u00e1vu pro dva. Stav: velmi<\/p>\n","protected":false},"featured_media":10766,"template":"","meta":[],"product_brand":[153],"product_cat":[91],"product_tag":[],"class_list":{"0":"post-10765","1":"product","2":"type-product","3":"status-publish","4":"has-post-thumbnail","6":"product_brand-eterle-cz","7":"product_cat-prodane","9":"first","10":"outofstock","11":"purchasable","12":"product-type-simple"},"_links":{"self":[{"href":"https:\/\/eterle.cz\/eshop\/wp-json\/wp\/v2\/product\/10765","targetHints":{"allow":["GET"]}}],"collection":[{"href":"https:\/\/eterle.cz\/eshop\/wp-json\/wp\/v2\/product"}],"about":[{"href":"https:\/\/eterle.cz\/eshop\/wp-json\/wp\/v2\/types\/product"}],"version-history":[{"count":0,"href":"https:\/\/eterle.cz\/eshop\/wp-json\/wp\/v2\/product\/10765\/revisions"}],"wp:featuredmedia":[{"embeddable":true,"href":"https:\/\/eterle.cz\/eshop\/wp-json\/wp\/v2\/media\/10766"}],"wp:attachment":[{"href":"https:\/\/eterle.cz\/eshop\/wp-json\/wp\/v2\/media?parent=10765"}],"wp:term":[{"taxonomy":"product_brand","embeddable":true,"href":"https:\/\/eterle.cz\/eshop\/wp-json\/wp\/v2\/product_brand?post=10765"},{"taxonomy":"product_cat","embeddable":true,"href":"https:\/\/eterle.cz\/eshop\/wp-json\/wp\/v2\/product_cat?post=10765"},{"taxonomy":"product_tag","embeddable":true,"href":"https:\/\/eterle.cz\/eshop\/wp-json\/wp\/v2\/product_tag?post=10765"}],"curies":[{"name":"wp","href":"https:\/\/api.w.org\/{rel}","templated":true}]}}