{"id":10772,"date":"2022-09-11T23:03:34","date_gmt":"2022-09-11T21:03:34","guid":{"rendered":"https:\/\/eterle.cz\/eshop\/produkt\/cajova-sada-pro-2-china-blau-bavaria\/"},"modified":"2025-06-24T01:51:37","modified_gmt":"2025-06-23T23:51:37","slug":"cajova-sada-pro-2-china-blau-bavaria","status":"publish","type":"product","link":"https:\/\/eterle.cz\/eshop\/produkt\/cajova-sada-pro-2-china-blau-bavaria\/","title":{"rendered":"\u010cajov\u00e1 sada pro 2 \/ China Blau Bavaria"},"content":{"rendered":"<p>\u010cajov\u00e1 sada je sice od n\u011bm\u011bck\u00e9 porcel\u00e1nky, ale zdobena je \u010d\u00ednsk\u00fdm vzorem. Sada je zdobena nejen kresbou, ale i samotn\u00fd porcel\u00e1n je prolamovan\u00fd. Hrne\u010dky jsou nav\u00edc dekorov\u00e1ny i uvnit\u0159. Sadu tvo\u0159\u00ed konvice a dva sn\u00edda\u0148ov\u00e9 sety.<\/p>\n<p>Stav: dobr\u00fd vintage<br \/>\nZna\u010dka: China Blau Bavaria<br \/>\nRozm\u011br<br \/>\nObjem konvice: 1,4 ml<br \/>\nObjem hrne\u010dku: 150 ml<br \/>\nPr\u016fm\u011br pod\u0161\u00e1lku: 14 cm<br \/>\nPr\u016fm\u011br tal\u00ed\u0159ku: 18,5 cm<\/p>\n","protected":false},"excerpt":{"rendered":"<p>\u010cajov\u00e1 sada je sice od n\u011bm\u011bck\u00e9 porcel\u00e1nky, ale zdobena je \u010d\u00ednsk\u00fdm vzorem. Sada je zdobena nejen kresbou, ale i samotn\u00fd<\/p>\n","protected":false},"featured_media":10773,"template":"","meta":[],"product_brand":[153],"product_cat":[76,111],"product_tag":[],"class_list":{"0":"post-10772","1":"product","2":"type-product","3":"status-publish","4":"has-post-thumbnail","6":"product_brand-eterle-cz","7":"product_cat-porcelan","8":"product_cat-porcelanove-sady","10":"first","11":"instock","12":"purchasable","13":"product-type-simple"},"_links":{"self":[{"href":"https:\/\/eterle.cz\/eshop\/wp-json\/wp\/v2\/product\/10772","targetHints":{"allow":["GET"]}}],"collection":[{"href":"https:\/\/eterle.cz\/eshop\/wp-json\/wp\/v2\/product"}],"about":[{"href":"https:\/\/eterle.cz\/eshop\/wp-json\/wp\/v2\/types\/product"}],"version-history":[{"count":2,"href":"https:\/\/eterle.cz\/eshop\/wp-json\/wp\/v2\/product\/10772\/revisions"}],"predecessor-version":[{"id":26054,"href":"https:\/\/eterle.cz\/eshop\/wp-json\/wp\/v2\/product\/10772\/revisions\/26054"}],"wp:featuredmedia":[{"embeddable":true,"href":"https:\/\/eterle.cz\/eshop\/wp-json\/wp\/v2\/media\/10773"}],"wp:attachment":[{"href":"https:\/\/eterle.cz\/eshop\/wp-json\/wp\/v2\/media?parent=10772"}],"wp:term":[{"taxonomy":"product_brand","embeddable":true,"href":"https:\/\/eterle.cz\/eshop\/wp-json\/wp\/v2\/product_brand?post=10772"},{"taxonomy":"product_cat","embeddable":true,"href":"https:\/\/eterle.cz\/eshop\/wp-json\/wp\/v2\/product_cat?post=10772"},{"taxonomy":"product_tag","embeddable":true,"href":"https:\/\/eterle.cz\/eshop\/wp-json\/wp\/v2\/product_tag?post=10772"}],"curies":[{"name":"wp","href":"https:\/\/api.w.org\/{rel}","templated":true}]}}