{"id":10783,"date":"2022-09-11T23:03:56","date_gmt":"2022-09-11T21:03:56","guid":{"rendered":"https:\/\/eterle.cz\/eshop\/produkt\/cajova-souprava-pro-2-seltman-weiden\/"},"modified":"2025-02-16T02:59:21","modified_gmt":"2025-02-16T01:59:21","slug":"cajova-souprava-pro-2-seltman-weiden","status":"publish","type":"product","link":"https:\/\/eterle.cz\/eshop\/produkt\/cajova-souprava-pro-2-seltman-weiden\/","title":{"rendered":"\u010cajov\u00e1 souprava pro 2 \/ Seltman Weiden"},"content":{"rendered":"<p>\u010cajov\u00e1 sada od rodinn\u00e9 n\u011bmeck\u00e9 porcel\u00e1nky Seltmann-Weiden, zalo\u017een\u00e9 v roce 1910. N\u00e1zev Seltmann-Weiden znamen\u00e1 prvot\u0159\u00eddn\u00ed zna\u010dkov\u00fd porcel\u00e1n, kter\u00fd se vyr\u00e1b\u00ed v\u00fdhradn\u011b v N\u011bmecku a jejich slogan zn\u00ed &#8222;pro radost z kr\u00e1sy&#8220;. Barevn\u00fd dekor drobn\u00fdch kyti\u010dek jist\u011b okam\u017eit\u011b radost evokuje.<br \/>\nSadu tvo\u0159\u00ed \u010dajov\u00e1 konvice, cuk\u0159enka, ml\u00e9kovka, 2 \u0161\u00e1lky s pod\u0161\u00e1lkem.<\/p>\n<p>Stav: perfektn\u00ed<br \/>\nZna\u010dka: Seltman Weiden<br \/>\nRozm\u011br<br \/>\nObjem konvice: 1,4 l<br \/>\nObjem ml\u00e9kovky: 250 ml<br \/>\nObjem cuk\u0159enky: 250 ml<br \/>\nObjem hrne\u010dku: 200 ml<br \/>\nPr\u016fm\u011br pod\u0161\u00e1lku: 14 cm<\/p>\n","protected":false},"excerpt":{"rendered":"<p>\u010cajov\u00e1 sada od rodinn\u00e9 n\u011bmeck\u00e9 porcel\u00e1nky Seltmann-Weiden, zalo\u017een\u00e9 v roce 1910. N\u00e1zev Seltmann-Weiden znamen\u00e1 prvot\u0159\u00eddn\u00ed zna\u010dkov\u00fd porcel\u00e1n, kter\u00fd se vyr\u00e1b\u00ed<\/p>\n","protected":false},"featured_media":10784,"template":"","meta":[],"product_brand":[153],"product_cat":[91],"product_tag":[],"class_list":{"0":"post-10783","1":"product","2":"type-product","3":"status-publish","4":"has-post-thumbnail","6":"product_brand-eterle-cz","7":"product_cat-prodane","9":"first","10":"outofstock","11":"purchasable","12":"product-type-simple"},"_links":{"self":[{"href":"https:\/\/eterle.cz\/eshop\/wp-json\/wp\/v2\/product\/10783","targetHints":{"allow":["GET"]}}],"collection":[{"href":"https:\/\/eterle.cz\/eshop\/wp-json\/wp\/v2\/product"}],"about":[{"href":"https:\/\/eterle.cz\/eshop\/wp-json\/wp\/v2\/types\/product"}],"version-history":[{"count":0,"href":"https:\/\/eterle.cz\/eshop\/wp-json\/wp\/v2\/product\/10783\/revisions"}],"wp:featuredmedia":[{"embeddable":true,"href":"https:\/\/eterle.cz\/eshop\/wp-json\/wp\/v2\/media\/10784"}],"wp:attachment":[{"href":"https:\/\/eterle.cz\/eshop\/wp-json\/wp\/v2\/media?parent=10783"}],"wp:term":[{"taxonomy":"product_brand","embeddable":true,"href":"https:\/\/eterle.cz\/eshop\/wp-json\/wp\/v2\/product_brand?post=10783"},{"taxonomy":"product_cat","embeddable":true,"href":"https:\/\/eterle.cz\/eshop\/wp-json\/wp\/v2\/product_cat?post=10783"},{"taxonomy":"product_tag","embeddable":true,"href":"https:\/\/eterle.cz\/eshop\/wp-json\/wp\/v2\/product_tag?post=10783"}],"curies":[{"name":"wp","href":"https:\/\/api.w.org\/{rel}","templated":true}]}}