{"id":10855,"date":"2022-09-11T23:06:13","date_gmt":"2022-09-11T21:06:13","guid":{"rendered":"https:\/\/eterle.cz\/eshop\/produkt\/dezertni-talirky-altwasser\/"},"modified":"2025-02-16T02:59:18","modified_gmt":"2025-02-16T01:59:18","slug":"dezertni-talirky-altwasser","status":"publish","type":"product","link":"https:\/\/eterle.cz\/eshop\/produkt\/dezertni-talirky-altwasser\/","title":{"rendered":"Dezertn\u00ed tal\u00ed\u0159ky \/ Altwasser"},"content":{"rendered":"<p>Dezertn\u00ed tal\u00ed\u0159ky ve stylu art deko z porcel\u00e1nky Altwasser zalo\u017een\u00e9 v roce 1845. Rychle se stala druhou nejv\u011bt\u0161\u00ed tov\u00e1rnou na porcel\u00e1n ve Slezsku a jej\u00ed v\u00fdrobky se staly zn\u00e1m\u00fdmi pro svou vysokou kvalitu a um\u011bleck\u00e9 hodnoty. Jejich kvalita byla srovn\u00e1v\u00e1na s porcel\u00e1nov\u00fdmi v\u00fdrobky z Berl\u00edna nebo dokonce z M\u00ed\u0161n\u011b.<\/p>\n<p>Stav: dobr\u00fd s patinou<br \/>\nZna\u010dka: Altwasser<br \/>\nRozm\u011br<br \/>\nPr\u016fm\u011br tal\u00ed\u0159ku: 9 cm<\/p>\n","protected":false},"excerpt":{"rendered":"<p>Dezertn\u00ed tal\u00ed\u0159ky ve stylu art deko z porcel\u00e1nky Altwasser zalo\u017een\u00e9 v roce 1845. Rychle se stala druhou nejv\u011bt\u0161\u00ed tov\u00e1rnou na<\/p>\n","protected":false},"featured_media":10856,"template":"","meta":[],"product_brand":[153],"product_cat":[91],"product_tag":[],"class_list":{"0":"post-10855","1":"product","2":"type-product","3":"status-publish","4":"has-post-thumbnail","6":"product_brand-eterle-cz","7":"product_cat-prodane","9":"first","10":"outofstock","11":"purchasable","12":"product-type-simple"},"_links":{"self":[{"href":"https:\/\/eterle.cz\/eshop\/wp-json\/wp\/v2\/product\/10855","targetHints":{"allow":["GET"]}}],"collection":[{"href":"https:\/\/eterle.cz\/eshop\/wp-json\/wp\/v2\/product"}],"about":[{"href":"https:\/\/eterle.cz\/eshop\/wp-json\/wp\/v2\/types\/product"}],"version-history":[{"count":0,"href":"https:\/\/eterle.cz\/eshop\/wp-json\/wp\/v2\/product\/10855\/revisions"}],"wp:featuredmedia":[{"embeddable":true,"href":"https:\/\/eterle.cz\/eshop\/wp-json\/wp\/v2\/media\/10856"}],"wp:attachment":[{"href":"https:\/\/eterle.cz\/eshop\/wp-json\/wp\/v2\/media?parent=10855"}],"wp:term":[{"taxonomy":"product_brand","embeddable":true,"href":"https:\/\/eterle.cz\/eshop\/wp-json\/wp\/v2\/product_brand?post=10855"},{"taxonomy":"product_cat","embeddable":true,"href":"https:\/\/eterle.cz\/eshop\/wp-json\/wp\/v2\/product_cat?post=10855"},{"taxonomy":"product_tag","embeddable":true,"href":"https:\/\/eterle.cz\/eshop\/wp-json\/wp\/v2\/product_tag?post=10855"}],"curies":[{"name":"wp","href":"https:\/\/api.w.org\/{rel}","templated":true}]}}