{"id":10860,"date":"2022-09-11T23:06:22","date_gmt":"2022-09-11T21:06:22","guid":{"rendered":"https:\/\/eterle.cz\/eshop\/produkt\/jidelni-sada-pro-4-fontebasso-treviso\/"},"modified":"2025-02-16T02:59:17","modified_gmt":"2025-02-16T01:59:17","slug":"jidelni-sada-pro-4-fontebasso-treviso","status":"publish","type":"product","link":"https:\/\/eterle.cz\/eshop\/produkt\/jidelni-sada-pro-4-fontebasso-treviso\/","title":{"rendered":"J\u00eddeln\u00ed sada pro 4 \/ Fontebasso Treviso"},"content":{"rendered":"<p>J\u00eddeln\u00ed keramick\u00e1 sada v anglick\u00e9m stylu od italsk\u00e9 porcel\u00e1nky Fontbasso Treviso zalo\u017een\u00e9 v roce 1760. N\u011bkter\u00e9 jejich keramick\u00e9 v\u00fdrobky z\u00edskaly uzn\u00e1n\u00ed na v\u00fdstav\u011b ve Florencii v roce 1861.<\/p>\n<p>Stav: dobr\u00fd s m\u00edrn\u00fdmi nedostatky, na n\u011bkter\u00fdch tal\u00ed\u0159\u00edch mal\u00e9 o\u0165uky ze spodn\u00ed strany lemu. Jeden j\u00eddeln\u00ed neparn\u00fd o\u0165uk na vrchn\u00ed stran\u011b lemu.<br \/>\nZna\u010dka: Fontebasso Treviso<br \/>\nRozm\u011br<br \/>\nPr\u016fm\u011br m\u011blk\u00e9ho: 23,5 cm<br \/>\nPr\u016fm\u011br hlubok\u00e9ho: 23,5 cm<br \/>\nPr\u016fm\u011br dezertn\u00edho: 9 cm<\/p>\n","protected":false},"excerpt":{"rendered":"<p>J\u00eddeln\u00ed keramick\u00e1 sada v anglick\u00e9m stylu od italsk\u00e9 porcel\u00e1nky Fontbasso Treviso zalo\u017een\u00e9 v roce 1760. N\u011bkter\u00e9 jejich keramick\u00e9 v\u00fdrobky z\u00edskaly<\/p>\n","protected":false},"featured_media":10861,"template":"","meta":[],"product_brand":[153],"product_cat":[91],"product_tag":[],"class_list":{"0":"post-10860","1":"product","2":"type-product","3":"status-publish","4":"has-post-thumbnail","6":"product_brand-eterle-cz","7":"product_cat-prodane","9":"first","10":"outofstock","11":"purchasable","12":"product-type-simple"},"_links":{"self":[{"href":"https:\/\/eterle.cz\/eshop\/wp-json\/wp\/v2\/product\/10860","targetHints":{"allow":["GET"]}}],"collection":[{"href":"https:\/\/eterle.cz\/eshop\/wp-json\/wp\/v2\/product"}],"about":[{"href":"https:\/\/eterle.cz\/eshop\/wp-json\/wp\/v2\/types\/product"}],"version-history":[{"count":0,"href":"https:\/\/eterle.cz\/eshop\/wp-json\/wp\/v2\/product\/10860\/revisions"}],"wp:featuredmedia":[{"embeddable":true,"href":"https:\/\/eterle.cz\/eshop\/wp-json\/wp\/v2\/media\/10861"}],"wp:attachment":[{"href":"https:\/\/eterle.cz\/eshop\/wp-json\/wp\/v2\/media?parent=10860"}],"wp:term":[{"taxonomy":"product_brand","embeddable":true,"href":"https:\/\/eterle.cz\/eshop\/wp-json\/wp\/v2\/product_brand?post=10860"},{"taxonomy":"product_cat","embeddable":true,"href":"https:\/\/eterle.cz\/eshop\/wp-json\/wp\/v2\/product_cat?post=10860"},{"taxonomy":"product_tag","embeddable":true,"href":"https:\/\/eterle.cz\/eshop\/wp-json\/wp\/v2\/product_tag?post=10860"}],"curies":[{"name":"wp","href":"https:\/\/api.w.org\/{rel}","templated":true}]}}