{"id":10877,"date":"2022-09-11T23:06:56","date_gmt":"2022-09-11T21:06:56","guid":{"rendered":"https:\/\/eterle.cz\/eshop\/produkt\/tacek-union\/"},"modified":"2025-02-16T02:59:17","modified_gmt":"2025-02-16T01:59:17","slug":"tacek-union","status":"publish","type":"product","link":"https:\/\/eterle.cz\/eshop\/produkt\/tacek-union\/","title":{"rendered":"T\u00e1cek \/Union"},"content":{"rendered":"<p>Porcel\u00e1nov\u00fd t\u00e1cek s prolamovan\u00fdm lemem ud\u011bl\u00e1 z ka\u017ed\u00e9ho serv\u00edrov\u00e1n\u00ed elegantn\u00ed z\u00e1le\u017eitost.<\/p>\n<p>Stav: dobr\u00fd vintage<br \/>\nZna\u010dka: Union, Czechoslovakia<br \/>\nPr\u016fm\u011br: 25,5 cm (22 cm bez uch)<\/p>\n","protected":false},"excerpt":{"rendered":"<p>Porcel\u00e1nov\u00fd t\u00e1cek s prolamovan\u00fdm lemem ud\u011bl\u00e1 z ka\u017ed\u00e9ho serv\u00edrov\u00e1n\u00ed elegantn\u00ed z\u00e1le\u017eitost. Stav: dobr\u00fd vintage Zna\u010dka: Union, Czechoslovakia Pr\u016fm\u011br: 25,5 cm<\/p>\n","protected":false},"featured_media":10878,"template":"","meta":[],"product_brand":[153],"product_cat":[91],"product_tag":[],"class_list":{"0":"post-10877","1":"product","2":"type-product","3":"status-publish","4":"has-post-thumbnail","6":"product_brand-eterle-cz","7":"product_cat-prodane","9":"first","10":"outofstock","11":"purchasable","12":"product-type-simple"},"_links":{"self":[{"href":"https:\/\/eterle.cz\/eshop\/wp-json\/wp\/v2\/product\/10877","targetHints":{"allow":["GET"]}}],"collection":[{"href":"https:\/\/eterle.cz\/eshop\/wp-json\/wp\/v2\/product"}],"about":[{"href":"https:\/\/eterle.cz\/eshop\/wp-json\/wp\/v2\/types\/product"}],"version-history":[{"count":0,"href":"https:\/\/eterle.cz\/eshop\/wp-json\/wp\/v2\/product\/10877\/revisions"}],"wp:featuredmedia":[{"embeddable":true,"href":"https:\/\/eterle.cz\/eshop\/wp-json\/wp\/v2\/media\/10878"}],"wp:attachment":[{"href":"https:\/\/eterle.cz\/eshop\/wp-json\/wp\/v2\/media?parent=10877"}],"wp:term":[{"taxonomy":"product_brand","embeddable":true,"href":"https:\/\/eterle.cz\/eshop\/wp-json\/wp\/v2\/product_brand?post=10877"},{"taxonomy":"product_cat","embeddable":true,"href":"https:\/\/eterle.cz\/eshop\/wp-json\/wp\/v2\/product_cat?post=10877"},{"taxonomy":"product_tag","embeddable":true,"href":"https:\/\/eterle.cz\/eshop\/wp-json\/wp\/v2\/product_tag?post=10877"}],"curies":[{"name":"wp","href":"https:\/\/api.w.org\/{rel}","templated":true}]}}