{"id":10883,"date":"2022-09-11T23:07:07","date_gmt":"2022-09-11T21:07:07","guid":{"rendered":"https:\/\/eterle.cz\/eshop\/produkt\/jidelni-talir-misen\/"},"modified":"2025-06-24T01:51:37","modified_gmt":"2025-06-23T23:51:37","slug":"jidelni-talir-misen","status":"publish","type":"product","link":"https:\/\/eterle.cz\/eshop\/produkt\/jidelni-talir-misen\/","title":{"rendered":"J\u00eddeln\u00ed tal\u00ed\u0159 \/ M\u00ed\u0161e\u0148"},"content":{"rendered":"<p>J\u00eddeln\u00ed m\u00ed\u0161e\u0148sk\u00fd tal\u00ed\u0159 s cibul\u00e1kov\u00fdm vzorem. Cibulov\u00fd vzor (Zwiebelmuster) se vyr\u00e1b\u00ed ji\u017e t\u0159i stolet\u00ed. Jde o vzor od H\u00f6roldt z roku 1739, inspirovan\u00fd pravd\u011bpodobn\u011b \u010d\u00ednsk\u00fdm \u0161\u00e1lkem z obdob\u00ed Kangxi. Z\u00edskal obrovskou popularitu a byl zkop\u00edrov\u00e1n v\u00edce ne\u017e 60 v\u00fdrobn\u00edmi m\u00edsty. <\/p>\n<p>M\u00ed\u0161e\u0148sk\u00fd porcel\u00e1n\u00a0je prvn\u00ed\u00a0evropsk\u00fd\u00a0porcel\u00e1n jeho\u017e vznik sah\u00e1 do roku 1708. Tento podnik pat\u0159il k nejslavn\u011bj\u0161\u00edm manufaktur\u00e1m sv\u00e9ho druhu v Evrop\u011b a funguje dodnes.V\u0161echny produkty jsou sv\u00fdm zp\u016fsobem unik\u00e1ty, pon\u011bvad\u017e jsou ru\u010dn\u011b vyr\u00e1b\u011bn\u00e9 i dekorovan\u00e9. M\u00ed\u0161e\u0148sk\u00fd porcel\u00e1n je ozna\u010dov\u00e1n logem dvou zk\u0159\u00ed\u017een\u00fdch me\u010d\u016f. Tato zna\u010dka, zaveden\u00e1 v roce 1720, se dekretem stala od roku 1731 zna\u010dkou ofici\u00e1ln\u00ed; r\u016fzn\u00e9 variace stylu me\u010d\u016f dovoluj\u00ed m\u00ed\u0161e\u0148sk\u00e9 v\u00fdrobky dob\u0159e datovat. Dle zna\u010den\u00ed poch\u00e1z\u00ed tento j\u00eddeln\u00ed tal\u00ed\u0159 z let 1860-1924.<\/p>\n<p>Stav: v\u00fdborn\u00fd<br \/>\nZna\u010dka: M\u00ed\u0161e\u0148<br \/>\nPr\u016fm\u011br: 25 cm<\/p>\n","protected":false},"excerpt":{"rendered":"<p>J\u00eddeln\u00ed m\u00ed\u0161e\u0148sk\u00fd tal\u00ed\u0159 s cibul\u00e1kov\u00fdm vzorem. Cibulov\u00fd vzor (Zwiebelmuster) se vyr\u00e1b\u00ed ji\u017e t\u0159i stolet\u00ed. Jde o vzor od H\u00f6roldt z<\/p>\n","protected":false},"featured_media":10884,"template":"","meta":[],"product_brand":[153],"product_cat":[76,109],"product_tag":[],"class_list":{"0":"post-10883","1":"product","2":"type-product","3":"status-publish","4":"has-post-thumbnail","6":"product_brand-eterle-cz","7":"product_cat-porcelan","8":"product_cat-talire","10":"first","11":"instock","12":"purchasable","13":"product-type-simple"},"_links":{"self":[{"href":"https:\/\/eterle.cz\/eshop\/wp-json\/wp\/v2\/product\/10883","targetHints":{"allow":["GET"]}}],"collection":[{"href":"https:\/\/eterle.cz\/eshop\/wp-json\/wp\/v2\/product"}],"about":[{"href":"https:\/\/eterle.cz\/eshop\/wp-json\/wp\/v2\/types\/product"}],"version-history":[{"count":1,"href":"https:\/\/eterle.cz\/eshop\/wp-json\/wp\/v2\/product\/10883\/revisions"}],"predecessor-version":[{"id":26052,"href":"https:\/\/eterle.cz\/eshop\/wp-json\/wp\/v2\/product\/10883\/revisions\/26052"}],"wp:featuredmedia":[{"embeddable":true,"href":"https:\/\/eterle.cz\/eshop\/wp-json\/wp\/v2\/media\/10884"}],"wp:attachment":[{"href":"https:\/\/eterle.cz\/eshop\/wp-json\/wp\/v2\/media?parent=10883"}],"wp:term":[{"taxonomy":"product_brand","embeddable":true,"href":"https:\/\/eterle.cz\/eshop\/wp-json\/wp\/v2\/product_brand?post=10883"},{"taxonomy":"product_cat","embeddable":true,"href":"https:\/\/eterle.cz\/eshop\/wp-json\/wp\/v2\/product_cat?post=10883"},{"taxonomy":"product_tag","embeddable":true,"href":"https:\/\/eterle.cz\/eshop\/wp-json\/wp\/v2\/product_tag?post=10883"}],"curies":[{"name":"wp","href":"https:\/\/api.w.org\/{rel}","templated":true}]}}