{"id":10889,"date":"2022-09-11T23:07:18","date_gmt":"2022-09-11T21:07:18","guid":{"rendered":"https:\/\/eterle.cz\/eshop\/produkt\/dekorativni-talir-kaiser\/"},"modified":"2025-02-16T02:59:16","modified_gmt":"2025-02-16T01:59:16","slug":"dekorativni-talir-kaiser","status":"publish","type":"product","link":"https:\/\/eterle.cz\/eshop\/produkt\/dekorativni-talir-kaiser\/","title":{"rendered":"Dekorativn\u00ed tal\u00ed\u0159 \/ Kaiser"},"content":{"rendered":"<p>Tal\u00ed\u0159 na zav\u011b\u0161en\u00ed jeho\u017e dekor navrh K. Nossek pro porcel\u00e1nku Kaiser. Tal\u00ed\u0159 poch\u00e1z\u00ed z \u0159ady &#8222;Melodie&#8220; a je velmi siln\u011b zlacen.<\/p>\n<p>Stav: perfektn\u00ed<br \/>\nZna\u010dka: Kaiser<br \/>\nPr\u016fm\u011br: 30,5 cm<\/p>\n","protected":false},"excerpt":{"rendered":"<p>Tal\u00ed\u0159 na zav\u011b\u0161en\u00ed jeho\u017e dekor navrh K. Nossek pro porcel\u00e1nku Kaiser. Tal\u00ed\u0159 poch\u00e1z\u00ed z \u0159ady &#8222;Melodie&#8220; a je velmi siln\u011b<\/p>\n","protected":false},"featured_media":10890,"template":"","meta":[],"product_brand":[153],"product_cat":[91],"product_tag":[],"class_list":{"0":"post-10889","1":"product","2":"type-product","3":"status-publish","4":"has-post-thumbnail","6":"product_brand-eterle-cz","7":"product_cat-prodane","9":"first","10":"outofstock","11":"purchasable","12":"product-type-simple"},"_links":{"self":[{"href":"https:\/\/eterle.cz\/eshop\/wp-json\/wp\/v2\/product\/10889","targetHints":{"allow":["GET"]}}],"collection":[{"href":"https:\/\/eterle.cz\/eshop\/wp-json\/wp\/v2\/product"}],"about":[{"href":"https:\/\/eterle.cz\/eshop\/wp-json\/wp\/v2\/types\/product"}],"version-history":[{"count":0,"href":"https:\/\/eterle.cz\/eshop\/wp-json\/wp\/v2\/product\/10889\/revisions"}],"wp:featuredmedia":[{"embeddable":true,"href":"https:\/\/eterle.cz\/eshop\/wp-json\/wp\/v2\/media\/10890"}],"wp:attachment":[{"href":"https:\/\/eterle.cz\/eshop\/wp-json\/wp\/v2\/media?parent=10889"}],"wp:term":[{"taxonomy":"product_brand","embeddable":true,"href":"https:\/\/eterle.cz\/eshop\/wp-json\/wp\/v2\/product_brand?post=10889"},{"taxonomy":"product_cat","embeddable":true,"href":"https:\/\/eterle.cz\/eshop\/wp-json\/wp\/v2\/product_cat?post=10889"},{"taxonomy":"product_tag","embeddable":true,"href":"https:\/\/eterle.cz\/eshop\/wp-json\/wp\/v2\/product_tag?post=10889"}],"curies":[{"name":"wp","href":"https:\/\/api.w.org\/{rel}","templated":true}]}}