{"id":10895,"date":"2022-09-11T23:07:29","date_gmt":"2022-09-11T21:07:29","guid":{"rendered":"https:\/\/eterle.cz\/eshop\/produkt\/miska-thomas\/"},"modified":"2025-02-16T02:59:15","modified_gmt":"2025-02-16T01:59:15","slug":"miska-thomas","status":"publish","type":"product","link":"https:\/\/eterle.cz\/eshop\/produkt\/miska-thomas\/","title":{"rendered":"Miska \/ Thomas"},"content":{"rendered":"<p>Miska, kter\u00e1 byla vyrobena porcel\u00e1nkou Thomas, je\u017e spad\u00e1 do skupiny Rosenthal a zam\u011b\u0159uje se p\u0159edev\u0161\u00edm na jednoduch\u00fd stylov\u00fd porcel\u00e1n pro mlad\u00e9.<\/p>\n<p>Stav: perfektn\u00ed<br \/>\nZna\u010dka: Thomas<br \/>\nRozm\u011br<br \/>\nPr\u016fm\u011br: 20 cm<br \/>\nV\u00fd\u0161ka: 6 cm<br \/>\nObjem: 400 ml<\/p>\n","protected":false},"excerpt":{"rendered":"<p>Miska, kter\u00e1 byla vyrobena porcel\u00e1nkou Thomas, je\u017e spad\u00e1 do skupiny Rosenthal a zam\u011b\u0159uje se p\u0159edev\u0161\u00edm na jednoduch\u00fd stylov\u00fd porcel\u00e1n pro<\/p>\n","protected":false},"featured_media":10896,"template":"","meta":[],"product_brand":[153],"product_cat":[91],"product_tag":[],"class_list":{"0":"post-10895","1":"product","2":"type-product","3":"status-publish","4":"has-post-thumbnail","6":"product_brand-eterle-cz","7":"product_cat-prodane","9":"first","10":"outofstock","11":"purchasable","12":"product-type-simple"},"_links":{"self":[{"href":"https:\/\/eterle.cz\/eshop\/wp-json\/wp\/v2\/product\/10895","targetHints":{"allow":["GET"]}}],"collection":[{"href":"https:\/\/eterle.cz\/eshop\/wp-json\/wp\/v2\/product"}],"about":[{"href":"https:\/\/eterle.cz\/eshop\/wp-json\/wp\/v2\/types\/product"}],"version-history":[{"count":0,"href":"https:\/\/eterle.cz\/eshop\/wp-json\/wp\/v2\/product\/10895\/revisions"}],"wp:featuredmedia":[{"embeddable":true,"href":"https:\/\/eterle.cz\/eshop\/wp-json\/wp\/v2\/media\/10896"}],"wp:attachment":[{"href":"https:\/\/eterle.cz\/eshop\/wp-json\/wp\/v2\/media?parent=10895"}],"wp:term":[{"taxonomy":"product_brand","embeddable":true,"href":"https:\/\/eterle.cz\/eshop\/wp-json\/wp\/v2\/product_brand?post=10895"},{"taxonomy":"product_cat","embeddable":true,"href":"https:\/\/eterle.cz\/eshop\/wp-json\/wp\/v2\/product_cat?post=10895"},{"taxonomy":"product_tag","embeddable":true,"href":"https:\/\/eterle.cz\/eshop\/wp-json\/wp\/v2\/product_tag?post=10895"}],"curies":[{"name":"wp","href":"https:\/\/api.w.org\/{rel}","templated":true}]}}