{"id":10899,"date":"2022-09-11T23:07:35","date_gmt":"2022-09-11T21:07:35","guid":{"rendered":"https:\/\/eterle.cz\/eshop\/produkt\/misa-czechoslovakia\/"},"modified":"2025-02-16T02:59:15","modified_gmt":"2025-02-16T01:59:15","slug":"misa-czechoslovakia","status":"publish","type":"product","link":"https:\/\/eterle.cz\/eshop\/produkt\/misa-czechoslovakia\/","title":{"rendered":"M\u00edsa \/ Czechoslovakia"},"content":{"rendered":"<p>Hlub\u0161\u00ed miska ide\u00e1ln\u00ed na serv\u00edrov\u00e1n\u00ed bramborov\u00e9ho sal\u00e1tu nebo knedl\u00edk\u016f. Zdobena drobn\u00fdmi kv\u00edtky a plastick\u00fdmi zvonky.<\/p>\n<p>Stav: velmi dobr\u00fd stav, jen \u010derven\u00e1 linka na okraji je set\u0159en\u00e1<br \/>\nZna\u010dka: Czechoslovakia<br \/>\nD\u00e9lka: 34 cm<br \/>\n\u0160\u00ed\u0159ka: 20 cm<\/p>\n","protected":false},"excerpt":{"rendered":"<p>Hlub\u0161\u00ed miska ide\u00e1ln\u00ed na serv\u00edrov\u00e1n\u00ed bramborov\u00e9ho sal\u00e1tu nebo knedl\u00edk\u016f. Zdobena drobn\u00fdmi kv\u00edtky a plastick\u00fdmi zvonky. Stav: velmi dobr\u00fd stav, jen<\/p>\n","protected":false},"featured_media":10900,"template":"","meta":[],"product_brand":[153],"product_cat":[91],"product_tag":[],"class_list":{"0":"post-10899","1":"product","2":"type-product","3":"status-publish","4":"has-post-thumbnail","6":"product_brand-eterle-cz","7":"product_cat-prodane","9":"first","10":"outofstock","11":"purchasable","12":"product-type-simple"},"_links":{"self":[{"href":"https:\/\/eterle.cz\/eshop\/wp-json\/wp\/v2\/product\/10899","targetHints":{"allow":["GET"]}}],"collection":[{"href":"https:\/\/eterle.cz\/eshop\/wp-json\/wp\/v2\/product"}],"about":[{"href":"https:\/\/eterle.cz\/eshop\/wp-json\/wp\/v2\/types\/product"}],"version-history":[{"count":0,"href":"https:\/\/eterle.cz\/eshop\/wp-json\/wp\/v2\/product\/10899\/revisions"}],"wp:featuredmedia":[{"embeddable":true,"href":"https:\/\/eterle.cz\/eshop\/wp-json\/wp\/v2\/media\/10900"}],"wp:attachment":[{"href":"https:\/\/eterle.cz\/eshop\/wp-json\/wp\/v2\/media?parent=10899"}],"wp:term":[{"taxonomy":"product_brand","embeddable":true,"href":"https:\/\/eterle.cz\/eshop\/wp-json\/wp\/v2\/product_brand?post=10899"},{"taxonomy":"product_cat","embeddable":true,"href":"https:\/\/eterle.cz\/eshop\/wp-json\/wp\/v2\/product_cat?post=10899"},{"taxonomy":"product_tag","embeddable":true,"href":"https:\/\/eterle.cz\/eshop\/wp-json\/wp\/v2\/product_tag?post=10899"}],"curies":[{"name":"wp","href":"https:\/\/api.w.org\/{rel}","templated":true}]}}