{"id":10906,"date":"2022-09-11T23:07:49","date_gmt":"2022-09-11T21:07:49","guid":{"rendered":"https:\/\/eterle.cz\/eshop\/produkt\/misa-thun\/"},"modified":"2025-06-24T01:52:56","modified_gmt":"2025-06-23T23:52:56","slug":"misa-thun","status":"publish","type":"product","link":"https:\/\/eterle.cz\/eshop\/produkt\/misa-thun\/","title":{"rendered":"M\u00edsa \/ Thun"},"content":{"rendered":"<p>B\u00edl\u00e1 minimalistick\u00e1 a velmi elegannt\u00ed m\u00edsa zna\u010dky Thun, kter\u00e1 se hod\u00ed jak na serv\u00edrov\u00e1n\u00ed sal\u00e1tu tak na ovoce.<\/p>\n<p>Stav: dobr\u00fd s patinou , m\u00edrn\u00e9 te\u010dky pod glazurou a \u0161kr\u00e1bance<br \/>\nZna\u010dka: Thun<br \/>\nRozm\u011br<br \/>\nD\u00e9lka: 31,5 cm<br \/>\n\u0160\u00ed\u0159ka: 21 cm<\/p>\n","protected":false},"excerpt":{"rendered":"<p>B\u00edl\u00e1 minimalistick\u00e1 a velmi elegannt\u00ed m\u00edsa zna\u010dky Thun, kter\u00e1 se hod\u00ed jak na serv\u00edrov\u00e1n\u00ed sal\u00e1tu tak na ovoce. Stav: dobr\u00fd<\/p>\n","protected":false},"featured_media":10907,"template":"","meta":[],"product_brand":[153],"product_cat":[76,110],"product_tag":[],"class_list":{"0":"post-10906","1":"product","2":"type-product","3":"status-publish","4":"has-post-thumbnail","6":"product_brand-eterle-cz","7":"product_cat-porcelan","8":"product_cat-misy","10":"first","11":"instock","12":"purchasable","13":"product-type-simple"},"_links":{"self":[{"href":"https:\/\/eterle.cz\/eshop\/wp-json\/wp\/v2\/product\/10906","targetHints":{"allow":["GET"]}}],"collection":[{"href":"https:\/\/eterle.cz\/eshop\/wp-json\/wp\/v2\/product"}],"about":[{"href":"https:\/\/eterle.cz\/eshop\/wp-json\/wp\/v2\/types\/product"}],"version-history":[{"count":1,"href":"https:\/\/eterle.cz\/eshop\/wp-json\/wp\/v2\/product\/10906\/revisions"}],"predecessor-version":[{"id":26232,"href":"https:\/\/eterle.cz\/eshop\/wp-json\/wp\/v2\/product\/10906\/revisions\/26232"}],"wp:featuredmedia":[{"embeddable":true,"href":"https:\/\/eterle.cz\/eshop\/wp-json\/wp\/v2\/media\/10907"}],"wp:attachment":[{"href":"https:\/\/eterle.cz\/eshop\/wp-json\/wp\/v2\/media?parent=10906"}],"wp:term":[{"taxonomy":"product_brand","embeddable":true,"href":"https:\/\/eterle.cz\/eshop\/wp-json\/wp\/v2\/product_brand?post=10906"},{"taxonomy":"product_cat","embeddable":true,"href":"https:\/\/eterle.cz\/eshop\/wp-json\/wp\/v2\/product_cat?post=10906"},{"taxonomy":"product_tag","embeddable":true,"href":"https:\/\/eterle.cz\/eshop\/wp-json\/wp\/v2\/product_tag?post=10906"}],"curies":[{"name":"wp","href":"https:\/\/api.w.org\/{rel}","templated":true}]}}