{"id":10912,"date":"2022-09-11T23:08:00","date_gmt":"2022-09-11T21:08:00","guid":{"rendered":"https:\/\/eterle.cz\/eshop\/produkt\/snidanova-sada-rosenthal\/"},"modified":"2025-02-16T02:59:14","modified_gmt":"2025-02-16T01:59:14","slug":"snidanova-sada-rosenthal","status":"publish","type":"product","link":"https:\/\/eterle.cz\/eshop\/produkt\/snidanova-sada-rosenthal\/","title":{"rendered":"Sn\u00edda\u0148ov\u00e1 sada \/ Rosenthal"},"content":{"rendered":"<p>Velmi zdobn\u00e1 sn\u00edda\u0148ov\u00e1 sada od n\u011bmeck\u00e9 prvot\u0159\u00eddn\u00ed porcel\u00e1nky Rosenthal je zdobena plastick\u00fdm drobou\u010dk\u00fdm dekorem kv\u011btin a nav\u00edc malovan\u00fdmi kv\u011bty v neobvykl\u00e9 mintov\u00e9 barv\u011b.<\/p>\n<p>Stav: perfektn\u00ed<br \/>\nZna\u010dka: Rosenthal<br \/>\nRozm\u011br<br \/>\nObjem hrne\u010dku: 150 ml<br \/>\nPr\u016fm\u011br pod\u0161\u00e1lku: 13 cm<br \/>\nPr\u016fm\u011br tal\u00ed\u0159ku: 19,5 cm<\/p>\n","protected":false},"excerpt":{"rendered":"<p>Velmi zdobn\u00e1 sn\u00edda\u0148ov\u00e1 sada od n\u011bmeck\u00e9 prvot\u0159\u00eddn\u00ed porcel\u00e1nky Rosenthal je zdobena plastick\u00fdm drobou\u010dk\u00fdm dekorem kv\u011btin a nav\u00edc malovan\u00fdmi kv\u011bty v<\/p>\n","protected":false},"featured_media":15482,"template":"","meta":[],"product_brand":[153],"product_cat":[91],"product_tag":[],"class_list":{"0":"post-10912","1":"product","2":"type-product","3":"status-publish","4":"has-post-thumbnail","6":"product_brand-eterle-cz","7":"product_cat-prodane","9":"first","10":"outofstock","11":"purchasable","12":"product-type-simple"},"_links":{"self":[{"href":"https:\/\/eterle.cz\/eshop\/wp-json\/wp\/v2\/product\/10912","targetHints":{"allow":["GET"]}}],"collection":[{"href":"https:\/\/eterle.cz\/eshop\/wp-json\/wp\/v2\/product"}],"about":[{"href":"https:\/\/eterle.cz\/eshop\/wp-json\/wp\/v2\/types\/product"}],"version-history":[{"count":1,"href":"https:\/\/eterle.cz\/eshop\/wp-json\/wp\/v2\/product\/10912\/revisions"}],"predecessor-version":[{"id":13079,"href":"https:\/\/eterle.cz\/eshop\/wp-json\/wp\/v2\/product\/10912\/revisions\/13079"}],"wp:featuredmedia":[{"embeddable":true,"href":"https:\/\/eterle.cz\/eshop\/wp-json\/wp\/v2\/media\/15482"}],"wp:attachment":[{"href":"https:\/\/eterle.cz\/eshop\/wp-json\/wp\/v2\/media?parent=10912"}],"wp:term":[{"taxonomy":"product_brand","embeddable":true,"href":"https:\/\/eterle.cz\/eshop\/wp-json\/wp\/v2\/product_brand?post=10912"},{"taxonomy":"product_cat","embeddable":true,"href":"https:\/\/eterle.cz\/eshop\/wp-json\/wp\/v2\/product_cat?post=10912"},{"taxonomy":"product_tag","embeddable":true,"href":"https:\/\/eterle.cz\/eshop\/wp-json\/wp\/v2\/product_tag?post=10912"}],"curies":[{"name":"wp","href":"https:\/\/api.w.org\/{rel}","templated":true}]}}