{"id":10920,"date":"2022-09-11T23:08:16","date_gmt":"2022-09-11T21:08:16","guid":{"rendered":"https:\/\/eterle.cz\/eshop\/produkt\/dezertni-talirek-rosenthal\/"},"modified":"2025-06-24T01:52:56","modified_gmt":"2025-06-23T23:52:56","slug":"dezertni-talirek-rosenthal","status":"publish","type":"product","link":"https:\/\/eterle.cz\/eshop\/produkt\/dezertni-talirek-rosenthal\/","title":{"rendered":"Dezertn\u00ed tal\u00ed\u0159ek \/ Rosenthal"},"content":{"rendered":"<p>Dezertn\u00ed tal\u00ed\u0159ek od pr\u00e9miov\u00e9 n\u011bmeck\u00e9 porcel\u00e1nky Rosenthal z \u0159ady studio-line je uprost\u0159ed zdoben \u0161\u00edpkovou r\u016f\u017e\u00ed, kter\u00e1 je ru\u010dn\u011b malov\u00e1na na glazu\u0159e, tak\u017ee tal\u00ed\u0159ek nen\u00ed vhodn\u00ed do my\u010dky. Nav\u00edc je na vnit\u0159\u00edm okraji zdoben zlatou linku, kter\u00e1 d\u011bl\u00e1 tal\u00ed\u0159ek je\u0161t\u011b luxusn\u011bj\u0161\u00edm.<\/p>\n<p>Stav: perfektn\u00ed<br \/>\nZna\u010dka: Rosenthal<br \/>\nRozm\u011br<br \/>\nPr\u016fm\u011br tal\u00ed\u0159ku: 19,5 cm<\/p>\n","protected":false},"excerpt":{"rendered":"<p>Dezertn\u00ed tal\u00ed\u0159ek od pr\u00e9miov\u00e9 n\u011bmeck\u00e9 porcel\u00e1nky Rosenthal z \u0159ady studio-line je uprost\u0159ed zdoben \u0161\u00edpkovou r\u016f\u017e\u00ed, kter\u00e1 je ru\u010dn\u011b malov\u00e1na na<\/p>\n","protected":false},"featured_media":10921,"template":"","meta":[],"product_brand":[153],"product_cat":[76,109,101],"product_tag":[],"class_list":{"0":"post-10920","1":"product","2":"type-product","3":"status-publish","4":"has-post-thumbnail","6":"product_brand-eterle-cz","7":"product_cat-porcelan","8":"product_cat-talire","9":"product_cat-rosenthal","11":"first","12":"instock","13":"purchasable","14":"product-type-simple"},"_links":{"self":[{"href":"https:\/\/eterle.cz\/eshop\/wp-json\/wp\/v2\/product\/10920","targetHints":{"allow":["GET"]}}],"collection":[{"href":"https:\/\/eterle.cz\/eshop\/wp-json\/wp\/v2\/product"}],"about":[{"href":"https:\/\/eterle.cz\/eshop\/wp-json\/wp\/v2\/types\/product"}],"version-history":[{"count":1,"href":"https:\/\/eterle.cz\/eshop\/wp-json\/wp\/v2\/product\/10920\/revisions"}],"predecessor-version":[{"id":26231,"href":"https:\/\/eterle.cz\/eshop\/wp-json\/wp\/v2\/product\/10920\/revisions\/26231"}],"wp:featuredmedia":[{"embeddable":true,"href":"https:\/\/eterle.cz\/eshop\/wp-json\/wp\/v2\/media\/10921"}],"wp:attachment":[{"href":"https:\/\/eterle.cz\/eshop\/wp-json\/wp\/v2\/media?parent=10920"}],"wp:term":[{"taxonomy":"product_brand","embeddable":true,"href":"https:\/\/eterle.cz\/eshop\/wp-json\/wp\/v2\/product_brand?post=10920"},{"taxonomy":"product_cat","embeddable":true,"href":"https:\/\/eterle.cz\/eshop\/wp-json\/wp\/v2\/product_cat?post=10920"},{"taxonomy":"product_tag","embeddable":true,"href":"https:\/\/eterle.cz\/eshop\/wp-json\/wp\/v2\/product_tag?post=10920"}],"curies":[{"name":"wp","href":"https:\/\/api.w.org\/{rel}","templated":true}]}}