{"id":10942,"date":"2022-09-11T23:08:56","date_gmt":"2022-09-11T21:08:56","guid":{"rendered":"https:\/\/eterle.cz\/eshop\/produkt\/cajova-souprava-pro-6-edelstein-2\/"},"modified":"2025-11-18T23:05:46","modified_gmt":"2025-11-18T22:05:46","slug":"cajova-souprava-pro-6-edelstein-2","status":"publish","type":"product","link":"https:\/\/eterle.cz\/eshop\/produkt\/cajova-souprava-pro-6-edelstein-2\/","title":{"rendered":"\u010cajov\u00e1 souprava pro 6 \/ Edelstein"},"content":{"rendered":"<p>\u010cajov\u00e1 souprava od n\u011bmeck\u00e9 zna\u010dky Edelstein, kter\u00e1 existovala od roku 1919 do roku 1972. Zakladatel\u00e9 t\u00e9to porcel\u00e1nky Julius Edelstein a jeho man\u017eelka byli zavra\u017ed\u011bni nacisty v roce 1941 v Rize.<\/p>\n<p>Souprava je vyrobena z tenk\u00e9ho st\u0159epu s decentn\u00edm b\u00edl\u00fdm plastick\u00fdm vzorem. Je velmi minimalistick\u00e1 a nad\u010dasov\u00e1, tedy vhodn\u00e1 do modern\u00edho i vintage interi\u00e9ru.<\/p>\n<p>Sada obsahuje \u010dajovou konvici, cuk\u0159enku, 6 sn\u00edda\u0148ov\u00fdch set\u016f a ov\u00e1lnou m\u00edsu.<\/p>\n<p>Stav: perfektn\u00ed<br \/>\nZna\u010dka: Edelstein<br \/>\nRozm\u011br<br \/>\nObjem konvice: 1,250 l<br \/>\nObjem hrne\u010dku: 150 ml<br \/>\nObjem cuk\u0159enky: 200 ml<br \/>\nPr\u016fm\u011br pod\u0161\u00e1lku: 14 cm<br \/>\nPr\u016fm\u011br tal\u00ed\u0159ku: 19,5 cm<br \/>\nRozm\u011br m\u00edsy: 32,5 x 21 cm<\/p>\n","protected":false},"excerpt":{"rendered":"<p>\u010cajov\u00e1 souprava od n\u011bmeck\u00e9 zna\u010dky Edelstein, kter\u00e1 existovala od roku 1919 do roku 1972. Zakladatel\u00e9 t\u00e9to porcel\u00e1nky Julius Edelstein a<\/p>\n","protected":false},"featured_media":10943,"template":"","meta":[],"product_brand":[153],"product_cat":[91],"product_tag":[],"class_list":{"0":"post-10942","1":"product","2":"type-product","3":"status-publish","4":"has-post-thumbnail","6":"product_brand-eterle-cz","7":"product_cat-prodane","9":"first","10":"outofstock","11":"purchasable","12":"product-type-simple"},"_links":{"self":[{"href":"https:\/\/eterle.cz\/eshop\/wp-json\/wp\/v2\/product\/10942","targetHints":{"allow":["GET"]}}],"collection":[{"href":"https:\/\/eterle.cz\/eshop\/wp-json\/wp\/v2\/product"}],"about":[{"href":"https:\/\/eterle.cz\/eshop\/wp-json\/wp\/v2\/types\/product"}],"version-history":[{"count":3,"href":"https:\/\/eterle.cz\/eshop\/wp-json\/wp\/v2\/product\/10942\/revisions"}],"predecessor-version":[{"id":31623,"href":"https:\/\/eterle.cz\/eshop\/wp-json\/wp\/v2\/product\/10942\/revisions\/31623"}],"wp:featuredmedia":[{"embeddable":true,"href":"https:\/\/eterle.cz\/eshop\/wp-json\/wp\/v2\/media\/10943"}],"wp:attachment":[{"href":"https:\/\/eterle.cz\/eshop\/wp-json\/wp\/v2\/media?parent=10942"}],"wp:term":[{"taxonomy":"product_brand","embeddable":true,"href":"https:\/\/eterle.cz\/eshop\/wp-json\/wp\/v2\/product_brand?post=10942"},{"taxonomy":"product_cat","embeddable":true,"href":"https:\/\/eterle.cz\/eshop\/wp-json\/wp\/v2\/product_cat?post=10942"},{"taxonomy":"product_tag","embeddable":true,"href":"https:\/\/eterle.cz\/eshop\/wp-json\/wp\/v2\/product_tag?post=10942"}],"curies":[{"name":"wp","href":"https:\/\/api.w.org\/{rel}","templated":true}]}}