{"id":10955,"date":"2022-09-11T23:09:19","date_gmt":"2022-09-11T21:09:19","guid":{"rendered":"https:\/\/eterle.cz\/eshop\/produkt\/doza\/"},"modified":"2025-02-16T02:59:12","modified_gmt":"2025-02-16T01:59:12","slug":"doza","status":"publish","type":"product","link":"https:\/\/eterle.cz\/eshop\/produkt\/doza\/","title":{"rendered":"D\u00f3za"},"content":{"rendered":"<p>Modern\u00ed minimalistick\u00e1 d\u00f3za se zaj\u00edm\u011b zdoben\u00fdm v\u00ed\u010dkem, do kter\u00e9 m\u016f\u017eete uschovat bonb\u00f3ny, su\u0161enky, ale klidn\u011b i v\u011bt\u0161\u00ed \u0161perky.<\/p>\n<p>Stav: perfektn\u00ed<br \/>\nRozm\u011br<br \/>\nObjem: 700 ml<br \/>\nV\u00fd\u0161ka: 9 cm<\/p>\n","protected":false},"excerpt":{"rendered":"<p>Modern\u00ed minimalistick\u00e1 d\u00f3za se zaj\u00edm\u011b zdoben\u00fdm v\u00ed\u010dkem, do kter\u00e9 m\u016f\u017eete uschovat bonb\u00f3ny, su\u0161enky, ale klidn\u011b i v\u011bt\u0161\u00ed \u0161perky. Stav: perfektn\u00ed<\/p>\n","protected":false},"featured_media":10956,"template":"","meta":[],"product_brand":[153],"product_cat":[91],"product_tag":[],"class_list":{"0":"post-10955","1":"product","2":"type-product","3":"status-publish","4":"has-post-thumbnail","6":"product_brand-eterle-cz","7":"product_cat-prodane","9":"first","10":"outofstock","11":"purchasable","12":"product-type-simple"},"_links":{"self":[{"href":"https:\/\/eterle.cz\/eshop\/wp-json\/wp\/v2\/product\/10955","targetHints":{"allow":["GET"]}}],"collection":[{"href":"https:\/\/eterle.cz\/eshop\/wp-json\/wp\/v2\/product"}],"about":[{"href":"https:\/\/eterle.cz\/eshop\/wp-json\/wp\/v2\/types\/product"}],"version-history":[{"count":0,"href":"https:\/\/eterle.cz\/eshop\/wp-json\/wp\/v2\/product\/10955\/revisions"}],"wp:featuredmedia":[{"embeddable":true,"href":"https:\/\/eterle.cz\/eshop\/wp-json\/wp\/v2\/media\/10956"}],"wp:attachment":[{"href":"https:\/\/eterle.cz\/eshop\/wp-json\/wp\/v2\/media?parent=10955"}],"wp:term":[{"taxonomy":"product_brand","embeddable":true,"href":"https:\/\/eterle.cz\/eshop\/wp-json\/wp\/v2\/product_brand?post=10955"},{"taxonomy":"product_cat","embeddable":true,"href":"https:\/\/eterle.cz\/eshop\/wp-json\/wp\/v2\/product_cat?post=10955"},{"taxonomy":"product_tag","embeddable":true,"href":"https:\/\/eterle.cz\/eshop\/wp-json\/wp\/v2\/product_tag?post=10955"}],"curies":[{"name":"wp","href":"https:\/\/api.w.org\/{rel}","templated":true}]}}