{"id":10968,"date":"2022-09-11T23:09:42","date_gmt":"2022-09-11T21:09:42","guid":{"rendered":"https:\/\/eterle.cz\/eshop\/produkt\/miska-s-podsalkem-rosenthal\/"},"modified":"2026-02-28T16:33:09","modified_gmt":"2026-02-28T15:33:09","slug":"miska-s-podsalkem-rosenthal","status":"publish","type":"product","link":"https:\/\/eterle.cz\/eshop\/produkt\/miska-s-podsalkem-rosenthal\/","title":{"rendered":"Miska s pod\u0161\u00e1lkem \/ Rosenthal"},"content":{"rendered":"<p>Misky na buj\u00f3n s pod\u0161\u00e1lkem navr\u017een\u00e9 Richardem Lathamem a Raymondem Loewy pro n\u011bmeckou porcle\u00e1nku Rosenthal se nyn\u00ed daj\u00ed vyu\u017e\u00edt asi sp\u00ed\u0161e p\u0159i sn\u00eddani na vlo\u010dky s ml\u00e9kem.<\/p>\n<p>Stav: velmi dobr\u00fd<br \/>\nZna\u010dka: Rosenthal<br \/>\nRozm\u011br<br \/>\nPr\u016fm\u011br pod\u0161\u00e1lku:17,5 cm<br \/>\nObjem misky: 200 ml<\/p>\n","protected":false},"excerpt":{"rendered":"<p>Misky na buj\u00f3n s pod\u0161\u00e1lkem navr\u017een\u00e9 Richardem Lathamem a Raymondem Loewy pro n\u011bmeckou porcle\u00e1nku Rosenthal se nyn\u00ed daj\u00ed vyu\u017e\u00edt asi<\/p>\n","protected":false},"featured_media":10969,"template":"","meta":[],"product_brand":[153],"product_cat":[76,110,101],"product_tag":[],"class_list":{"0":"post-10968","1":"product","2":"type-product","3":"status-publish","4":"has-post-thumbnail","6":"product_brand-eterle-cz","7":"product_cat-porcelan","8":"product_cat-misy","9":"product_cat-rosenthal","11":"first","12":"instock","13":"purchasable","14":"product-type-simple"},"_links":{"self":[{"href":"https:\/\/eterle.cz\/eshop\/wp-json\/wp\/v2\/product\/10968","targetHints":{"allow":["GET"]}}],"collection":[{"href":"https:\/\/eterle.cz\/eshop\/wp-json\/wp\/v2\/product"}],"about":[{"href":"https:\/\/eterle.cz\/eshop\/wp-json\/wp\/v2\/types\/product"}],"version-history":[{"count":1,"href":"https:\/\/eterle.cz\/eshop\/wp-json\/wp\/v2\/product\/10968\/revisions"}],"predecessor-version":[{"id":26226,"href":"https:\/\/eterle.cz\/eshop\/wp-json\/wp\/v2\/product\/10968\/revisions\/26226"}],"wp:featuredmedia":[{"embeddable":true,"href":"https:\/\/eterle.cz\/eshop\/wp-json\/wp\/v2\/media\/10969"}],"wp:attachment":[{"href":"https:\/\/eterle.cz\/eshop\/wp-json\/wp\/v2\/media?parent=10968"}],"wp:term":[{"taxonomy":"product_brand","embeddable":true,"href":"https:\/\/eterle.cz\/eshop\/wp-json\/wp\/v2\/product_brand?post=10968"},{"taxonomy":"product_cat","embeddable":true,"href":"https:\/\/eterle.cz\/eshop\/wp-json\/wp\/v2\/product_cat?post=10968"},{"taxonomy":"product_tag","embeddable":true,"href":"https:\/\/eterle.cz\/eshop\/wp-json\/wp\/v2\/product_tag?post=10968"}],"curies":[{"name":"wp","href":"https:\/\/api.w.org\/{rel}","templated":true}]}}