{"id":10973,"date":"2022-09-11T23:09:51","date_gmt":"2022-09-11T21:09:51","guid":{"rendered":"https:\/\/eterle.cz\/eshop\/produkt\/snidanova-sada-rosenthal-2\/"},"modified":"2025-06-24T01:52:54","modified_gmt":"2025-06-23T23:52:54","slug":"snidanova-sada-rosenthal-2","status":"publish","type":"product","link":"https:\/\/eterle.cz\/eshop\/produkt\/snidanova-sada-rosenthal-2\/","title":{"rendered":"Sn\u00edda\u0148ov\u00e1 sada \/ Rosenthal"},"content":{"rendered":"<p>Sn\u00edda\u0148ov\u00e1 sada navr\u017een\u00e9 Richardem Lathamem a Raymondem Loewy pro n\u011bmeckou porcle\u00e1nku Rosenthal.<\/p>\n<p>Stav: perfektn\u00ed<br \/>\nZna\u010dka: Rosenthal<br \/>\nRozm\u011br<br \/>\nObjem hrne\u010dku: 150 ml<br \/>\nPr\u016fm\u011br pod\u0161\u00e1lku: 14 cm<br \/>\nPr\u016fm\u011br tal\u00ed\u0159ku: 18,5 cm<\/p>\n","protected":false},"excerpt":{"rendered":"<p>Sn\u00edda\u0148ov\u00e1 sada navr\u017een\u00e9 Richardem Lathamem a Raymondem Loewy pro n\u011bmeckou porcle\u00e1nku Rosenthal. Stav: perfektn\u00ed Zna\u010dka: Rosenthal Rozm\u011br Objem hrne\u010dku: 150<\/p>\n","protected":false},"featured_media":10974,"template":"","meta":[],"product_brand":[153],"product_cat":[76,120,101],"product_tag":[],"class_list":{"0":"post-10973","1":"product","2":"type-product","3":"status-publish","4":"has-post-thumbnail","6":"product_brand-eterle-cz","7":"product_cat-porcelan","8":"product_cat-hrnecky","9":"product_cat-rosenthal","11":"first","12":"instock","13":"purchasable","14":"product-type-simple"},"_links":{"self":[{"href":"https:\/\/eterle.cz\/eshop\/wp-json\/wp\/v2\/product\/10973","targetHints":{"allow":["GET"]}}],"collection":[{"href":"https:\/\/eterle.cz\/eshop\/wp-json\/wp\/v2\/product"}],"about":[{"href":"https:\/\/eterle.cz\/eshop\/wp-json\/wp\/v2\/types\/product"}],"version-history":[{"count":1,"href":"https:\/\/eterle.cz\/eshop\/wp-json\/wp\/v2\/product\/10973\/revisions"}],"predecessor-version":[{"id":24537,"href":"https:\/\/eterle.cz\/eshop\/wp-json\/wp\/v2\/product\/10973\/revisions\/24537"}],"wp:featuredmedia":[{"embeddable":true,"href":"https:\/\/eterle.cz\/eshop\/wp-json\/wp\/v2\/media\/10974"}],"wp:attachment":[{"href":"https:\/\/eterle.cz\/eshop\/wp-json\/wp\/v2\/media?parent=10973"}],"wp:term":[{"taxonomy":"product_brand","embeddable":true,"href":"https:\/\/eterle.cz\/eshop\/wp-json\/wp\/v2\/product_brand?post=10973"},{"taxonomy":"product_cat","embeddable":true,"href":"https:\/\/eterle.cz\/eshop\/wp-json\/wp\/v2\/product_cat?post=10973"},{"taxonomy":"product_tag","embeddable":true,"href":"https:\/\/eterle.cz\/eshop\/wp-json\/wp\/v2\/product_tag?post=10973"}],"curies":[{"name":"wp","href":"https:\/\/api.w.org\/{rel}","templated":true}]}}