{"id":10981,"date":"2022-09-11T23:10:06","date_gmt":"2022-09-11T21:10:06","guid":{"rendered":"https:\/\/eterle.cz\/eshop\/produkt\/dekoracni-talir-rosenthal\/"},"modified":"2025-02-16T02:59:10","modified_gmt":"2025-02-16T01:59:10","slug":"dekoracni-talir-rosenthal","status":"publish","type":"product","link":"https:\/\/eterle.cz\/eshop\/produkt\/dekoracni-talir-rosenthal\/","title":{"rendered":"Dekora\u010dn\u00ed tal\u00ed\u0159 \/ Rosenthal"},"content":{"rendered":"<p>Dekorativn\u00ed tal\u00ed\u0159 n\u011bmeck\u00e9 porcel\u00e1nky Rosenthal z \u0159ady studio line s dekorem od d\u00e1nsk\u00e9ho mal\u00ed\u0159e a design\u00e9ra Bj\u00f8rn Wiinblada, kter\u00fd byl v New Yorku v roce 1985 jmenov\u00e1n Mu\u017eem roku a v roce 1995 z\u00edskal kulturn\u00ed cenu Americko-skandin\u00e1vsk\u00e9 nadace. Wiinblad byl v\u00fdznamn\u00fdm n\u00e1vrh\u00e1\u0159em porcel\u00e1nky Rosenthal. <\/p>\n<p>Tento tal\u00ed\u0159 &#8222;Kouzeln\u00ed fl\u00e9tna&#8220; k v\u00fdro\u010d\u00ed Mozarta je dokonal\u00fdm zobrazen\u00edm charakteristick\u00fdch rys\u016f Wiinbladovy tvorby. Pat\u0159\u00ed k nim rozmarn\u00ed lid\u00e9 s kulat\u00fdmi tv\u00e1\u0159emi, oble\u010den\u00ed v nejasn\u00e9m kost\u00fdmu z 19. stolet\u00ed. \u010casto jsou obklopeny p\u0159\u00edrodn\u00edmi prvky: vinnou r\u00e9vou, kv\u011btinov\u00fdmi v\u011bnci a fantastick\u00fdmi stromy. Jeho barvy jsou syt\u00e9 a v\u00fdrazn\u00e9 \u2013 n\u011bkdy a\u017e psychedelick\u00e9 \u2013 a \u010dasto je dopl\u0148uje kovov\u00e1 zlat\u00e1 nebo st\u0159\u00edbrn\u00e1.<\/p>\n<p>Stav: perfektn\u00ed<br \/>\nZna\u010dka: Rosenthal<br \/>\nRozm\u011br<br \/>\nPr\u016fm\u011br: 16 cm<\/p>\n","protected":false},"excerpt":{"rendered":"<p>Dekorativn\u00ed tal\u00ed\u0159 n\u011bmeck\u00e9 porcel\u00e1nky Rosenthal z \u0159ady studio line s dekorem od d\u00e1nsk\u00e9ho mal\u00ed\u0159e a design\u00e9ra Bj\u00f8rn Wiinblada, kter\u00fd byl<\/p>\n","protected":false},"featured_media":10982,"template":"","meta":[],"product_brand":[153],"product_cat":[91],"product_tag":[],"class_list":{"0":"post-10981","1":"product","2":"type-product","3":"status-publish","4":"has-post-thumbnail","6":"product_brand-eterle-cz","7":"product_cat-prodane","9":"first","10":"outofstock","11":"purchasable","12":"product-type-simple"},"_links":{"self":[{"href":"https:\/\/eterle.cz\/eshop\/wp-json\/wp\/v2\/product\/10981","targetHints":{"allow":["GET"]}}],"collection":[{"href":"https:\/\/eterle.cz\/eshop\/wp-json\/wp\/v2\/product"}],"about":[{"href":"https:\/\/eterle.cz\/eshop\/wp-json\/wp\/v2\/types\/product"}],"version-history":[{"count":0,"href":"https:\/\/eterle.cz\/eshop\/wp-json\/wp\/v2\/product\/10981\/revisions"}],"wp:featuredmedia":[{"embeddable":true,"href":"https:\/\/eterle.cz\/eshop\/wp-json\/wp\/v2\/media\/10982"}],"wp:attachment":[{"href":"https:\/\/eterle.cz\/eshop\/wp-json\/wp\/v2\/media?parent=10981"}],"wp:term":[{"taxonomy":"product_brand","embeddable":true,"href":"https:\/\/eterle.cz\/eshop\/wp-json\/wp\/v2\/product_brand?post=10981"},{"taxonomy":"product_cat","embeddable":true,"href":"https:\/\/eterle.cz\/eshop\/wp-json\/wp\/v2\/product_cat?post=10981"},{"taxonomy":"product_tag","embeddable":true,"href":"https:\/\/eterle.cz\/eshop\/wp-json\/wp\/v2\/product_tag?post=10981"}],"curies":[{"name":"wp","href":"https:\/\/api.w.org\/{rel}","templated":true}]}}