{"id":10985,"date":"2022-09-11T23:10:13","date_gmt":"2022-09-11T21:10:13","guid":{"rendered":"https:\/\/eterle.cz\/eshop\/produkt\/detsky-hrnecek-epiag\/"},"modified":"2025-02-16T02:59:09","modified_gmt":"2025-02-16T01:59:09","slug":"detsky-hrnecek-epiag","status":"publish","type":"product","link":"https:\/\/eterle.cz\/eshop\/produkt\/detsky-hrnecek-epiag\/","title":{"rendered":"D\u011btsk\u00fd hrne\u010dek \/ Epiag"},"content":{"rendered":"<p>D\u011btsk\u00fd hrne\u010dek Epiag zdoben\u00fd plastick\u00fdm \u0161rafov\u00e1n\u00edm a zlat\u00fdmi obr\u00e1zky d\u011bt\u00ed. Vhodn\u00fd jak pro hol\u010di\u010dku tak chlape\u010dka neb ka\u017ed\u00fd si tam najde sv\u00e9ho &#8222;kamar\u00e1da\/kamar\u00e1dku&#8220;.<\/p>\n<p>Stav: dobr\u00fd<br \/>\nZna\u010dka: Epiag<br \/>\nRozm\u011br<br \/>\nObjem: 150 ml<\/p>\n","protected":false},"excerpt":{"rendered":"<p>D\u011btsk\u00fd hrne\u010dek Epiag zdoben\u00fd plastick\u00fdm \u0161rafov\u00e1n\u00edm a zlat\u00fdmi obr\u00e1zky d\u011bt\u00ed. Vhodn\u00fd jak pro hol\u010di\u010dku tak chlape\u010dka neb ka\u017ed\u00fd si tam<\/p>\n","protected":false},"featured_media":10986,"template":"","meta":[],"product_brand":[153],"product_cat":[91],"product_tag":[],"class_list":{"0":"post-10985","1":"product","2":"type-product","3":"status-publish","4":"has-post-thumbnail","6":"product_brand-eterle-cz","7":"product_cat-prodane","9":"first","10":"outofstock","11":"purchasable","12":"product-type-simple"},"_links":{"self":[{"href":"https:\/\/eterle.cz\/eshop\/wp-json\/wp\/v2\/product\/10985","targetHints":{"allow":["GET"]}}],"collection":[{"href":"https:\/\/eterle.cz\/eshop\/wp-json\/wp\/v2\/product"}],"about":[{"href":"https:\/\/eterle.cz\/eshop\/wp-json\/wp\/v2\/types\/product"}],"version-history":[{"count":0,"href":"https:\/\/eterle.cz\/eshop\/wp-json\/wp\/v2\/product\/10985\/revisions"}],"wp:featuredmedia":[{"embeddable":true,"href":"https:\/\/eterle.cz\/eshop\/wp-json\/wp\/v2\/media\/10986"}],"wp:attachment":[{"href":"https:\/\/eterle.cz\/eshop\/wp-json\/wp\/v2\/media?parent=10985"}],"wp:term":[{"taxonomy":"product_brand","embeddable":true,"href":"https:\/\/eterle.cz\/eshop\/wp-json\/wp\/v2\/product_brand?post=10985"},{"taxonomy":"product_cat","embeddable":true,"href":"https:\/\/eterle.cz\/eshop\/wp-json\/wp\/v2\/product_cat?post=10985"},{"taxonomy":"product_tag","embeddable":true,"href":"https:\/\/eterle.cz\/eshop\/wp-json\/wp\/v2\/product_tag?post=10985"}],"curies":[{"name":"wp","href":"https:\/\/api.w.org\/{rel}","templated":true}]}}