{"id":10992,"date":"2022-09-11T23:10:26","date_gmt":"2022-09-11T21:10:26","guid":{"rendered":"https:\/\/eterle.cz\/eshop\/produkt\/detska-jidelni-sada-czechoslovakia\/"},"modified":"2025-02-16T02:59:09","modified_gmt":"2025-02-16T01:59:09","slug":"detska-jidelni-sada-czechoslovakia","status":"publish","type":"product","link":"https:\/\/eterle.cz\/eshop\/produkt\/detska-jidelni-sada-czechoslovakia\/","title":{"rendered":"D\u011btsk\u00e1 j\u00eddeln\u00ed sada \/ Czechoslovakia"},"content":{"rendered":"<p>D\u011btsk\u00e1 j\u00eddeln\u00ed sada z roku 1994 s motivem kluk\u016f hraj\u00edc\u00edch si na vo\u00e1ky. Sada je ve velmi zachoval\u00e9m stavu a obr\u00e1zky jist\u011b pot\u011b\u0161\u00ed nejednoho jedl\u00edka. Star\u00e9 d\u011btsk\u00e9 tal\u00ed\u0159e se m\u00e1lokdy zachovaj\u00ed v takov\u00e9m hezk\u00e9m stavu v sad\u011b.<\/p>\n<p>Stav: velmi dobr\u00fd<br \/>\nZna\u010dka: Czechoslovakia<br \/>\nRozm\u011br<br \/>\nPr\u016fm\u011br j\u00eddeln\u00edho: 18 cm<br \/>\nPr\u016fm\u011br hlubok\u00e9ho: 18 cm<\/p>\n","protected":false},"excerpt":{"rendered":"<p>D\u011btsk\u00e1 j\u00eddeln\u00ed sada z roku 1994 s motivem kluk\u016f hraj\u00edc\u00edch si na vo\u00e1ky. Sada je ve velmi zachoval\u00e9m stavu a<\/p>\n","protected":false},"featured_media":10993,"template":"","meta":[],"product_brand":[153],"product_cat":[91],"product_tag":[],"class_list":{"0":"post-10992","1":"product","2":"type-product","3":"status-publish","4":"has-post-thumbnail","6":"product_brand-eterle-cz","7":"product_cat-prodane","9":"first","10":"outofstock","11":"purchasable","12":"product-type-simple"},"_links":{"self":[{"href":"https:\/\/eterle.cz\/eshop\/wp-json\/wp\/v2\/product\/10992","targetHints":{"allow":["GET"]}}],"collection":[{"href":"https:\/\/eterle.cz\/eshop\/wp-json\/wp\/v2\/product"}],"about":[{"href":"https:\/\/eterle.cz\/eshop\/wp-json\/wp\/v2\/types\/product"}],"version-history":[{"count":0,"href":"https:\/\/eterle.cz\/eshop\/wp-json\/wp\/v2\/product\/10992\/revisions"}],"wp:featuredmedia":[{"embeddable":true,"href":"https:\/\/eterle.cz\/eshop\/wp-json\/wp\/v2\/media\/10993"}],"wp:attachment":[{"href":"https:\/\/eterle.cz\/eshop\/wp-json\/wp\/v2\/media?parent=10992"}],"wp:term":[{"taxonomy":"product_brand","embeddable":true,"href":"https:\/\/eterle.cz\/eshop\/wp-json\/wp\/v2\/product_brand?post=10992"},{"taxonomy":"product_cat","embeddable":true,"href":"https:\/\/eterle.cz\/eshop\/wp-json\/wp\/v2\/product_cat?post=10992"},{"taxonomy":"product_tag","embeddable":true,"href":"https:\/\/eterle.cz\/eshop\/wp-json\/wp\/v2\/product_tag?post=10992"}],"curies":[{"name":"wp","href":"https:\/\/api.w.org\/{rel}","templated":true}]}}