{"id":10999,"date":"2022-09-11T23:10:39","date_gmt":"2022-09-11T21:10:39","guid":{"rendered":"https:\/\/eterle.cz\/eshop\/produkt\/detska-jidelni-sada-h-a-c\/"},"modified":"2025-02-16T02:59:09","modified_gmt":"2025-02-16T01:59:09","slug":"detska-jidelni-sada-h-a-c","status":"publish","type":"product","link":"https:\/\/eterle.cz\/eshop\/produkt\/detska-jidelni-sada-h-a-c\/","title":{"rendered":"D\u011btsk\u00e1 j\u00eddeln\u00ed sada \/ H a C"},"content":{"rendered":"<p>D\u011btsk\u00e1 jideln\u00ed sada s obr\u00e1zky zv\u00ed\u0159at je ve velmi zachoval\u00e9m stavu, pouze prost\u0159edn\u00ed obr\u00e1zek na m\u011blk\u00e9m tal\u00ed\u0159i je ji\u017e m\u00e1lo z\u0159eteln\u00fd a na hlubok\u00e9m tal\u00ed\u0159i chyb\u00ed kousek veverky. Tyto mal\u00e9 nedostatky v\u0161ak dod\u00e1vaj\u00ed tal\u00ed\u0159i hezkou patinu. Star\u00e9 d\u011btsk\u00e9 tal\u00ed\u0159e se m\u00e1lokdy zachovaj\u00ed v takov\u00e9m hezk\u00e9m stavu v sad\u011b.<\/p>\n<p>Stav: dobr\u00fd vintage<br \/>\nZna\u010dka: H a C<br \/>\nRozm\u011br<br \/>\nPr\u016fm\u011br j\u00eddeln\u00edho: 21 cm<br \/>\nPr\u016fm\u011br hlubok\u00e9ho: 20 cm<\/p>\n","protected":false},"excerpt":{"rendered":"<p>D\u011btsk\u00e1 jideln\u00ed sada s obr\u00e1zky zv\u00ed\u0159at je ve velmi zachoval\u00e9m stavu, pouze prost\u0159edn\u00ed obr\u00e1zek na m\u011blk\u00e9m tal\u00ed\u0159i je ji\u017e m\u00e1lo<\/p>\n","protected":false},"featured_media":11000,"template":"","meta":[],"product_brand":[153],"product_cat":[91],"product_tag":[],"class_list":{"0":"post-10999","1":"product","2":"type-product","3":"status-publish","4":"has-post-thumbnail","6":"product_brand-eterle-cz","7":"product_cat-prodane","9":"first","10":"outofstock","11":"purchasable","12":"product-type-simple"},"_links":{"self":[{"href":"https:\/\/eterle.cz\/eshop\/wp-json\/wp\/v2\/product\/10999","targetHints":{"allow":["GET"]}}],"collection":[{"href":"https:\/\/eterle.cz\/eshop\/wp-json\/wp\/v2\/product"}],"about":[{"href":"https:\/\/eterle.cz\/eshop\/wp-json\/wp\/v2\/types\/product"}],"version-history":[{"count":0,"href":"https:\/\/eterle.cz\/eshop\/wp-json\/wp\/v2\/product\/10999\/revisions"}],"wp:featuredmedia":[{"embeddable":true,"href":"https:\/\/eterle.cz\/eshop\/wp-json\/wp\/v2\/media\/11000"}],"wp:attachment":[{"href":"https:\/\/eterle.cz\/eshop\/wp-json\/wp\/v2\/media?parent=10999"}],"wp:term":[{"taxonomy":"product_brand","embeddable":true,"href":"https:\/\/eterle.cz\/eshop\/wp-json\/wp\/v2\/product_brand?post=10999"},{"taxonomy":"product_cat","embeddable":true,"href":"https:\/\/eterle.cz\/eshop\/wp-json\/wp\/v2\/product_cat?post=10999"},{"taxonomy":"product_tag","embeddable":true,"href":"https:\/\/eterle.cz\/eshop\/wp-json\/wp\/v2\/product_tag?post=10999"}],"curies":[{"name":"wp","href":"https:\/\/api.w.org\/{rel}","templated":true}]}}