{"id":11005,"date":"2022-09-11T23:10:50","date_gmt":"2022-09-11T21:10:50","guid":{"rendered":"https:\/\/eterle.cz\/eshop\/produkt\/hrnecek-thun-beethoven\/"},"modified":"2025-02-16T02:59:08","modified_gmt":"2025-02-16T01:59:08","slug":"hrnecek-thun-beethoven","status":"publish","type":"product","link":"https:\/\/eterle.cz\/eshop\/produkt\/hrnecek-thun-beethoven\/","title":{"rendered":"Hrne\u010dek \/Thun Beethoven"},"content":{"rendered":"<p>Luxusn\u00ed hrne\u010dek z porcel\u00e1nky Thun z mimo\u0159\u00e1dn\u00e9 limitovan\u00e9 sady Beethoven dle v\u00fdtvarn\u00e9ho n\u00e1vrhu akademick\u00e9ho socha\u0159e Ji\u0159\u00edho La\u0161tovi\u010dky, ikony \u010desk\u00e9ho porcel\u00e1nu.<\/p>\n<p>Stav: v\u00fdborn\u00fd<br \/>\nZna\u010dka: Thun, Beethoven (nezna\u010den\u00fd)<br \/>\nRozm\u011br<br \/>\nObjem: 100 ml<br \/>\nPr\u016fm\u011br pod\u0161\u00e1lku: 13 cm<\/p>\n","protected":false},"excerpt":{"rendered":"<p>Luxusn\u00ed hrne\u010dek z porcel\u00e1nky Thun z mimo\u0159\u00e1dn\u00e9 limitovan\u00e9 sady Beethoven dle v\u00fdtvarn\u00e9ho n\u00e1vrhu akademick\u00e9ho socha\u0159e Ji\u0159\u00edho La\u0161tovi\u010dky, ikony \u010desk\u00e9ho porcel\u00e1nu.<\/p>\n","protected":false},"featured_media":11006,"template":"","meta":[],"product_brand":[153],"product_cat":[91],"product_tag":[],"class_list":{"0":"post-11005","1":"product","2":"type-product","3":"status-publish","4":"has-post-thumbnail","6":"product_brand-eterle-cz","7":"product_cat-prodane","9":"first","10":"outofstock","11":"purchasable","12":"product-type-simple"},"_links":{"self":[{"href":"https:\/\/eterle.cz\/eshop\/wp-json\/wp\/v2\/product\/11005","targetHints":{"allow":["GET"]}}],"collection":[{"href":"https:\/\/eterle.cz\/eshop\/wp-json\/wp\/v2\/product"}],"about":[{"href":"https:\/\/eterle.cz\/eshop\/wp-json\/wp\/v2\/types\/product"}],"version-history":[{"count":0,"href":"https:\/\/eterle.cz\/eshop\/wp-json\/wp\/v2\/product\/11005\/revisions"}],"wp:featuredmedia":[{"embeddable":true,"href":"https:\/\/eterle.cz\/eshop\/wp-json\/wp\/v2\/media\/11006"}],"wp:attachment":[{"href":"https:\/\/eterle.cz\/eshop\/wp-json\/wp\/v2\/media?parent=11005"}],"wp:term":[{"taxonomy":"product_brand","embeddable":true,"href":"https:\/\/eterle.cz\/eshop\/wp-json\/wp\/v2\/product_brand?post=11005"},{"taxonomy":"product_cat","embeddable":true,"href":"https:\/\/eterle.cz\/eshop\/wp-json\/wp\/v2\/product_cat?post=11005"},{"taxonomy":"product_tag","embeddable":true,"href":"https:\/\/eterle.cz\/eshop\/wp-json\/wp\/v2\/product_tag?post=11005"}],"curies":[{"name":"wp","href":"https:\/\/api.w.org\/{rel}","templated":true}]}}