{"id":11010,"date":"2022-09-11T23:11:01","date_gmt":"2022-09-11T21:11:01","guid":{"rendered":"https:\/\/eterle.cz\/eshop\/produkt\/cajova-sada-pro-6-schaller\/"},"modified":"2025-02-16T02:59:08","modified_gmt":"2025-02-16T01:59:08","slug":"cajova-sada-pro-6-schaller","status":"publish","type":"product","link":"https:\/\/eterle.cz\/eshop\/produkt\/cajova-sada-pro-6-schaller\/","title":{"rendered":"\u010cajov\u00e1 sada pro 6 \/Schaller"},"content":{"rendered":"<p>\u010cajov\u00e1 sada od n\u011bmeck\u00e9 porcel\u00e1nky Schaller, zalo\u017een\u00e9 v roce 1882 a v roce 1917 p\u0159evzatou bratry Winterlingov\u00fdmi. Velmi obl\u00edben\u00fd byl vzor sl\u00e1my, p\u0159edstavuj\u00edc\u00ed \u00faspornou variantu cibulov\u00fdch dekorac\u00ed z M\u00ed\u0161n\u011b a Hutschenreutheru. Tato souprava poch\u00e1z\u00ed asi z 30. let z obdob\u00ed art deca. Jend\u00e1 se o velmi tenk\u00fd porcel\u00e1n zdoben\u00fd n\u011bznou zlatou a zelenou linkou. <\/p>\n<p>Sada obsahuje \u010dajovou konvici, ml\u00e9kovku, cuk\u0159enku, tal\u00ed\u0159 na kol\u00e1\u010d a 6 sn\u00edda\u0148ov\u00fdch sad.<\/p>\n<p>Stav: v\u00fdborn\u00fd, i zlat\u00e1 linka je zachovan\u00e1<br \/>\nZna\u010dka: Schaller<br \/>\nRozm\u011br<br \/>\nObjem konvice: 1,5 l<br \/>\nObjem hrne\u010dku: 150 ml<br \/>\nObjem cuk\u0159enky: 400 ml<br \/>\nObjem ml\u00e9kovky: 400 ml<br \/>\nPr\u016fm\u011br pod\u0161\u00e1lku: 14 cm<br \/>\nPr\u016fm\u011br tal\u00ed\u0159ku: 19 cm<br \/>\nPr\u016fm\u011br kol\u00e1\u010dov\u00e9ho tal\u00ed\u0159e: 24 cm<\/p>\n","protected":false},"excerpt":{"rendered":"<p>\u010cajov\u00e1 sada od n\u011bmeck\u00e9 porcel\u00e1nky Schaller, zalo\u017een\u00e9 v roce 1882 a v roce 1917 p\u0159evzatou bratry Winterlingov\u00fdmi. Velmi obl\u00edben\u00fd byl<\/p>\n","protected":false},"featured_media":11011,"template":"","meta":[],"product_brand":[153],"product_cat":[91],"product_tag":[],"class_list":{"0":"post-11010","1":"product","2":"type-product","3":"status-publish","4":"has-post-thumbnail","6":"product_brand-eterle-cz","7":"product_cat-prodane","9":"first","10":"outofstock","11":"purchasable","12":"product-type-simple"},"_links":{"self":[{"href":"https:\/\/eterle.cz\/eshop\/wp-json\/wp\/v2\/product\/11010","targetHints":{"allow":["GET"]}}],"collection":[{"href":"https:\/\/eterle.cz\/eshop\/wp-json\/wp\/v2\/product"}],"about":[{"href":"https:\/\/eterle.cz\/eshop\/wp-json\/wp\/v2\/types\/product"}],"version-history":[{"count":0,"href":"https:\/\/eterle.cz\/eshop\/wp-json\/wp\/v2\/product\/11010\/revisions"}],"wp:featuredmedia":[{"embeddable":true,"href":"https:\/\/eterle.cz\/eshop\/wp-json\/wp\/v2\/media\/11011"}],"wp:attachment":[{"href":"https:\/\/eterle.cz\/eshop\/wp-json\/wp\/v2\/media?parent=11010"}],"wp:term":[{"taxonomy":"product_brand","embeddable":true,"href":"https:\/\/eterle.cz\/eshop\/wp-json\/wp\/v2\/product_brand?post=11010"},{"taxonomy":"product_cat","embeddable":true,"href":"https:\/\/eterle.cz\/eshop\/wp-json\/wp\/v2\/product_cat?post=11010"},{"taxonomy":"product_tag","embeddable":true,"href":"https:\/\/eterle.cz\/eshop\/wp-json\/wp\/v2\/product_tag?post=11010"}],"curies":[{"name":"wp","href":"https:\/\/api.w.org\/{rel}","templated":true}]}}