{"id":11031,"date":"2022-09-11T23:11:43","date_gmt":"2022-09-11T21:11:43","guid":{"rendered":"https:\/\/eterle.cz\/eshop\/produkt\/jidelni-sada-pro-12-rosenthal\/"},"modified":"2025-02-16T02:59:07","modified_gmt":"2025-02-16T01:59:07","slug":"jidelni-sada-pro-12-rosenthal","status":"publish","type":"product","link":"https:\/\/eterle.cz\/eshop\/produkt\/jidelni-sada-pro-12-rosenthal\/","title":{"rendered":"J\u00eddeln\u00ed sada pro 12 \/ Rosenthal"},"content":{"rendered":"<p>Sv\u00e1te\u010dn\u00ed sada pro 12 osob od n\u011bmeck\u00e9 porcel\u00e1nky Rosenthal z \u0159ady studio line s dekorem lotus gold silhouette od d\u00e1nsk\u00e9ho mal\u00ed\u0159e a design\u00e9ra Bj\u00f8rn Wiinblada.Tento designer byl v New Yorku v roce 1985 jmenov\u00e1n Mu\u017eem roku a v roce 1995 z\u00edskal kulturn\u00ed cenu Americko-skandin\u00e1vsk\u00e9 nadace. Wiinblad byl v\u00fdznamn\u00fdm n\u00e1vrh\u00e1\u0159em porcel\u00e1nky Rosenthal.<\/p>\n<p>Tato velkolep\u00e1 sada se hod\u00ed pro v\u00edce\u010dlennou rodinu, kde se sch\u00e1z\u00ed n\u011bkolik generac\u00ed u spole\u010dn\u00e9ho stolu a to nejen o V\u00e1noc\u00edch.<\/p>\n<p>Sada obsahuje 12 m\u011blk\u00fdch tal\u00ed\u0159\u016f, 12 hlubok\u00fdch tal\u00ed\u0159\u016f, 12 dezertn\u00edch tal\u00ed\u0159\u016f, 12 misek na sal\u00e1t, m\u00edsu s poklopem, 2 d\u00f3zy s poklopem, sl\u00e1nku, 2 hlubok\u00e9 m\u00edsy.<\/p>\n<p>Stav: perfektn\u00ed<br \/>\nZna\u010dka: Rosenthal<br \/>\nRozm\u011br<br \/>\nPr\u016fm\u011br hlubok\u00e9ho: 9,5 cm<br \/>\nPr\u016fm\u011br m\u011blk\u00e9ho: 25 cm<br \/>\nPr\u016fm\u011br dezertn\u00edho: 8,5 cm<br \/>\nPr\u016fm\u011br misti\u010dek: 12,5 cm<br \/>\nObjem m\u00edsy s v\u00edkem: 1,5 l<br \/>\nObjem d\u00f3zy: 400 ml<br \/>\nObjem m\u00edsy: 1 l<br \/>\nV\u00fd\u0161ka sl\u00e1nky: 6,5 cm<\/p>\n","protected":false},"excerpt":{"rendered":"<p>Sv\u00e1te\u010dn\u00ed sada pro 12 osob od n\u011bmeck\u00e9 porcel\u00e1nky Rosenthal z \u0159ady studio line s dekorem lotus gold silhouette od d\u00e1nsk\u00e9ho<\/p>\n","protected":false},"featured_media":11032,"template":"","meta":[],"product_brand":[153],"product_cat":[91],"product_tag":[],"class_list":{"0":"post-11031","1":"product","2":"type-product","3":"status-publish","4":"has-post-thumbnail","6":"product_brand-eterle-cz","7":"product_cat-prodane","8":"product_shipping_class-nadrozmerne","10":"first","11":"outofstock","12":"purchasable","13":"product-type-simple"},"_links":{"self":[{"href":"https:\/\/eterle.cz\/eshop\/wp-json\/wp\/v2\/product\/11031","targetHints":{"allow":["GET"]}}],"collection":[{"href":"https:\/\/eterle.cz\/eshop\/wp-json\/wp\/v2\/product"}],"about":[{"href":"https:\/\/eterle.cz\/eshop\/wp-json\/wp\/v2\/types\/product"}],"version-history":[{"count":1,"href":"https:\/\/eterle.cz\/eshop\/wp-json\/wp\/v2\/product\/11031\/revisions"}],"predecessor-version":[{"id":12204,"href":"https:\/\/eterle.cz\/eshop\/wp-json\/wp\/v2\/product\/11031\/revisions\/12204"}],"wp:featuredmedia":[{"embeddable":true,"href":"https:\/\/eterle.cz\/eshop\/wp-json\/wp\/v2\/media\/11032"}],"wp:attachment":[{"href":"https:\/\/eterle.cz\/eshop\/wp-json\/wp\/v2\/media?parent=11031"}],"wp:term":[{"taxonomy":"product_brand","embeddable":true,"href":"https:\/\/eterle.cz\/eshop\/wp-json\/wp\/v2\/product_brand?post=11031"},{"taxonomy":"product_cat","embeddable":true,"href":"https:\/\/eterle.cz\/eshop\/wp-json\/wp\/v2\/product_cat?post=11031"},{"taxonomy":"product_tag","embeddable":true,"href":"https:\/\/eterle.cz\/eshop\/wp-json\/wp\/v2\/product_tag?post=11031"}],"curies":[{"name":"wp","href":"https:\/\/api.w.org\/{rel}","templated":true}]}}