{"id":11046,"date":"2022-09-11T23:12:18","date_gmt":"2022-09-11T21:12:18","guid":{"rendered":"https:\/\/eterle.cz\/eshop\/produkt\/misa-rosenthal\/"},"modified":"2025-02-16T02:59:06","modified_gmt":"2025-02-16T01:59:06","slug":"misa-rosenthal","status":"publish","type":"product","link":"https:\/\/eterle.cz\/eshop\/produkt\/misa-rosenthal\/","title":{"rendered":"M\u00edsa \/ Rosenthal"},"content":{"rendered":"<p>M\u00edsa na sal\u00e1t nebo na ovoce od n\u011bmeck\u00e9 porcel\u00e1nky Rosenthal z \u0159ady studio line s dekorem lotus gold silhouette od d\u00e1nsk\u00e9ho mal\u00ed\u0159e a design\u00e9ra Bj\u00f8rn Wiinblada.Tento designer byl v New Yorku v roce 1985 jmenov\u00e1n Mu\u017eem roku a v roce 1995 z\u00edskal kulturn\u00ed cenu Americko-skandin\u00e1vsk\u00e9 nadace. Wiinblad byl v\u00fdznamn\u00fdm n\u00e1vrh\u00e1\u0159em porcel\u00e1nky Rosenthal.<\/p>\n<p>Stav: perfektn\u00ed<br \/>\nZna\u010dka: Rosenthal<br \/>\nRozm\u011br<br \/>\nObjem: 1,5 l<\/p>\n","protected":false},"excerpt":{"rendered":"<p>M\u00edsa na sal\u00e1t nebo na ovoce od n\u011bmeck\u00e9 porcel\u00e1nky Rosenthal z \u0159ady studio line s dekorem lotus gold silhouette od<\/p>\n","protected":false},"featured_media":11047,"template":"","meta":[],"product_brand":[153],"product_cat":[91],"product_tag":[],"class_list":{"0":"post-11046","1":"product","2":"type-product","3":"status-publish","4":"has-post-thumbnail","6":"product_brand-eterle-cz","7":"product_cat-prodane","9":"first","10":"outofstock","11":"purchasable","12":"product-type-simple"},"_links":{"self":[{"href":"https:\/\/eterle.cz\/eshop\/wp-json\/wp\/v2\/product\/11046","targetHints":{"allow":["GET"]}}],"collection":[{"href":"https:\/\/eterle.cz\/eshop\/wp-json\/wp\/v2\/product"}],"about":[{"href":"https:\/\/eterle.cz\/eshop\/wp-json\/wp\/v2\/types\/product"}],"version-history":[{"count":0,"href":"https:\/\/eterle.cz\/eshop\/wp-json\/wp\/v2\/product\/11046\/revisions"}],"wp:featuredmedia":[{"embeddable":true,"href":"https:\/\/eterle.cz\/eshop\/wp-json\/wp\/v2\/media\/11047"}],"wp:attachment":[{"href":"https:\/\/eterle.cz\/eshop\/wp-json\/wp\/v2\/media?parent=11046"}],"wp:term":[{"taxonomy":"product_brand","embeddable":true,"href":"https:\/\/eterle.cz\/eshop\/wp-json\/wp\/v2\/product_brand?post=11046"},{"taxonomy":"product_cat","embeddable":true,"href":"https:\/\/eterle.cz\/eshop\/wp-json\/wp\/v2\/product_cat?post=11046"},{"taxonomy":"product_tag","embeddable":true,"href":"https:\/\/eterle.cz\/eshop\/wp-json\/wp\/v2\/product_tag?post=11046"}],"curies":[{"name":"wp","href":"https:\/\/api.w.org\/{rel}","templated":true}]}}