{"id":11051,"date":"2022-09-11T23:12:27","date_gmt":"2022-09-11T21:12:27","guid":{"rendered":"https:\/\/eterle.cz\/eshop\/produkt\/jidelni-sada-pro-2-rosenthal\/"},"modified":"2025-02-16T02:59:06","modified_gmt":"2025-02-16T01:59:06","slug":"jidelni-sada-pro-2-rosenthal","status":"publish","type":"product","link":"https:\/\/eterle.cz\/eshop\/produkt\/jidelni-sada-pro-2-rosenthal\/","title":{"rendered":"J\u00eddeln\u00ed sada pro 2 \/ Rosenthal"},"content":{"rendered":"<p>Luxusn\u00ed ve\u010de\u0159i ve dvou si m\u016f\u017eete dop\u0159\u00e1t nejen v restauraci, ale i doma si m\u016f\u017eete d\u00edky t\u00e9to unik\u00e1tn\u00ed sad\u011b prost\u0159\u00edt sv\u00e1te\u010dn\u00ed st\u016fl jako na z\u00e1mku. <\/p>\n<p>Sada je od n\u011bmeck\u00e9 porcel\u00e1nky Rosenthal z \u0159ady studio line s dekorem lotus gold silhouette od d\u00e1nsk\u00e9ho mal\u00ed\u0159e a design\u00e9ra Bj\u00f8rn Wiinblada.Tento designer byl v New Yorku v roce 1985 jmenov\u00e1n Mu\u017eem roku a v roce 1995 z\u00edskal kulturn\u00ed cenu Americko-skandin\u00e1vsk\u00e9 nadace. Wiinblad byl v\u00fdznamn\u00fdm n\u00e1vrh\u00e1\u0159em porcel\u00e1nky Rosenthal.<\/p>\n<p>Sada obsahuje 2 m\u011blk\u00e9 tal\u00ed\u0159e, 2 hlubok\u00e9 tal\u00ed\u0159e, 2 dezertn\u00ed tal\u00ed\u0159e, 2 misky na sal\u00e1t.<\/p>\n<p>Stav: perfektn\u00ed<br \/>\nZna\u010dka: Rosenthal<br \/>\nRozm\u011br<br \/>\nPr\u016fm\u011br hlubok\u00e9ho: 9,5 cm<br \/>\nPr\u016fm\u011br m\u011blk\u00e9ho: 25 cm<br \/>\nPr\u016fm\u011br dezertn\u00edho: 8,5 cm<br \/>\nPr\u016fm\u011br misti\u010dek: 12,5 cm<\/p>\n","protected":false},"excerpt":{"rendered":"<p>Luxusn\u00ed ve\u010de\u0159i ve dvou si m\u016f\u017eete dop\u0159\u00e1t nejen v restauraci, ale i doma si m\u016f\u017eete d\u00edky t\u00e9to unik\u00e1tn\u00ed sad\u011b prost\u0159\u00edt<\/p>\n","protected":false},"featured_media":11052,"template":"","meta":[],"product_brand":[153],"product_cat":[91],"product_tag":[],"class_list":{"0":"post-11051","1":"product","2":"type-product","3":"status-publish","4":"has-post-thumbnail","6":"product_brand-eterle-cz","7":"product_cat-prodane","9":"first","10":"outofstock","11":"purchasable","12":"product-type-simple"},"_links":{"self":[{"href":"https:\/\/eterle.cz\/eshop\/wp-json\/wp\/v2\/product\/11051","targetHints":{"allow":["GET"]}}],"collection":[{"href":"https:\/\/eterle.cz\/eshop\/wp-json\/wp\/v2\/product"}],"about":[{"href":"https:\/\/eterle.cz\/eshop\/wp-json\/wp\/v2\/types\/product"}],"version-history":[{"count":0,"href":"https:\/\/eterle.cz\/eshop\/wp-json\/wp\/v2\/product\/11051\/revisions"}],"wp:featuredmedia":[{"embeddable":true,"href":"https:\/\/eterle.cz\/eshop\/wp-json\/wp\/v2\/media\/11052"}],"wp:attachment":[{"href":"https:\/\/eterle.cz\/eshop\/wp-json\/wp\/v2\/media?parent=11051"}],"wp:term":[{"taxonomy":"product_brand","embeddable":true,"href":"https:\/\/eterle.cz\/eshop\/wp-json\/wp\/v2\/product_brand?post=11051"},{"taxonomy":"product_cat","embeddable":true,"href":"https:\/\/eterle.cz\/eshop\/wp-json\/wp\/v2\/product_cat?post=11051"},{"taxonomy":"product_tag","embeddable":true,"href":"https:\/\/eterle.cz\/eshop\/wp-json\/wp\/v2\/product_tag?post=11051"}],"curies":[{"name":"wp","href":"https:\/\/api.w.org\/{rel}","templated":true}]}}