{"id":11092,"date":"2022-09-11T23:13:45","date_gmt":"2022-09-11T21:13:45","guid":{"rendered":"https:\/\/eterle.cz\/eshop\/produkt\/dezertni-talirky-pro-6-rosenthal\/"},"modified":"2025-02-16T02:59:03","modified_gmt":"2025-02-16T01:59:03","slug":"dezertni-talirky-pro-6-rosenthal","status":"publish","type":"product","link":"https:\/\/eterle.cz\/eshop\/produkt\/dezertni-talirky-pro-6-rosenthal\/","title":{"rendered":"Sada dezertn\u00edch tal\u00ed\u0159k\u016f pro 6 \/ Rosenthal"},"content":{"rendered":"<p>Dezertn\u00ed tal\u00ed\u0159ky od n\u011bmeck\u00e9 porcel\u00e1nky Rosenthal z \u0159ady Sanssouci jsou inspirov\u00e1ny rokokovou hravost\u00ed a ladnost\u00ed. Tato \u0159ada se vyzna\u010duje r\u016fzn\u00fdmi ornamenty a motivy pop\u00ednav\u00fdch rostlin. V roce 1974 Rosenthal p\u0159ezna\u010dil sv\u00e9 klasick\u00e9 vzory jako jsou Sanssouci, Moliere \u010di Maria pod zna\u010dku Rosenthal Classic Rose.<\/p>\n<p>A trocha historie \ud83d\ude42 Kdy\u017e si Fridrich Velik\u00fd nechal postavit sv\u016fj nov\u00fd hrad Sanssouci v Postupimi, objednal si i speci\u00e1ln\u00ed servis. Architektura a interi\u00e9rov\u00fd design byly v t\u00e9 dob\u011b pova\u017eov\u00e1ny za neodd\u011blitel\u00fd. Reli\u00e9f porcel\u00e1nov\u00e9ho servisu Sanssouci proto p\u0159ipom\u00edn\u00e1 rokokov\u00fd \u0161tukov\u00fd strop z\u00e1mku. Rokaj (abstraktn\u00ed a \u010dasto nesymetrick\u00fd ornament, podle kter\u00e9ho dostalo n\u00e1zev rokoko), je pova\u017eov\u00e1n za z\u00e1kladn\u00ed ornament\u00e1ln\u00ed motiv t\u00e9 doby.<\/p>\n<p>Stav: perfektn\u00ed<br \/>\nZna\u010dka: Rosenthal<br \/>\nRozm\u011br<br \/>\nPr\u016fm\u011br: 18,5 cm<\/p>\n","protected":false},"excerpt":{"rendered":"<p>Dezertn\u00ed tal\u00ed\u0159ky od n\u011bmeck\u00e9 porcel\u00e1nky Rosenthal z \u0159ady Sanssouci jsou inspirov\u00e1ny rokokovou hravost\u00ed a ladnost\u00ed. Tato \u0159ada se vyzna\u010duje r\u016fzn\u00fdmi<\/p>\n","protected":false},"featured_media":11093,"template":"","meta":[],"product_brand":[153],"product_cat":[91],"product_tag":[],"class_list":{"0":"post-11092","1":"product","2":"type-product","3":"status-publish","4":"has-post-thumbnail","6":"product_brand-eterle-cz","7":"product_cat-prodane","9":"first","10":"outofstock","11":"purchasable","12":"product-type-simple"},"_links":{"self":[{"href":"https:\/\/eterle.cz\/eshop\/wp-json\/wp\/v2\/product\/11092","targetHints":{"allow":["GET"]}}],"collection":[{"href":"https:\/\/eterle.cz\/eshop\/wp-json\/wp\/v2\/product"}],"about":[{"href":"https:\/\/eterle.cz\/eshop\/wp-json\/wp\/v2\/types\/product"}],"version-history":[{"count":1,"href":"https:\/\/eterle.cz\/eshop\/wp-json\/wp\/v2\/product\/11092\/revisions"}],"predecessor-version":[{"id":12250,"href":"https:\/\/eterle.cz\/eshop\/wp-json\/wp\/v2\/product\/11092\/revisions\/12250"}],"wp:featuredmedia":[{"embeddable":true,"href":"https:\/\/eterle.cz\/eshop\/wp-json\/wp\/v2\/media\/11093"}],"wp:attachment":[{"href":"https:\/\/eterle.cz\/eshop\/wp-json\/wp\/v2\/media?parent=11092"}],"wp:term":[{"taxonomy":"product_brand","embeddable":true,"href":"https:\/\/eterle.cz\/eshop\/wp-json\/wp\/v2\/product_brand?post=11092"},{"taxonomy":"product_cat","embeddable":true,"href":"https:\/\/eterle.cz\/eshop\/wp-json\/wp\/v2\/product_cat?post=11092"},{"taxonomy":"product_tag","embeddable":true,"href":"https:\/\/eterle.cz\/eshop\/wp-json\/wp\/v2\/product_tag?post=11092"}],"curies":[{"name":"wp","href":"https:\/\/api.w.org\/{rel}","templated":true}]}}