{"id":11144,"date":"2022-09-11T23:15:22","date_gmt":"2022-09-11T21:15:22","guid":{"rendered":"https:\/\/eterle.cz\/eshop\/produkt\/sklenena-misa\/"},"modified":"2025-02-16T02:58:59","modified_gmt":"2025-02-16T01:58:59","slug":"sklenena-misa","status":"publish","type":"product","link":"https:\/\/eterle.cz\/eshop\/produkt\/sklenena-misa\/","title":{"rendered":"Sklen\u011bn\u00e1 m\u00edsa"},"content":{"rendered":"<p>Velk\u00e1 sklen\u011bn\u00e1 m\u00edsa na ovoce s ml\u00e9\u010dn\u00fdmi absraktn\u00edmi tahy.<\/p>\n<p>Stav: perfektn\u00ed<br \/>\nRozm\u011br<br \/>\nV\u00fd\u0161ka: 9,5 cm<br \/>\nPr\u016fm\u011br: 28 cm<\/p>\n","protected":false},"excerpt":{"rendered":"<p>Velk\u00e1 sklen\u011bn\u00e1 m\u00edsa na ovoce s ml\u00e9\u010dn\u00fdmi absraktn\u00edmi tahy. Stav: perfektn\u00ed Rozm\u011br V\u00fd\u0161ka: 9,5 cm Pr\u016fm\u011br: 28 cm<\/p>\n","protected":false},"featured_media":11145,"template":"","meta":[],"product_brand":[153],"product_cat":[91],"product_tag":[],"class_list":{"0":"post-11144","1":"product","2":"type-product","3":"status-publish","4":"has-post-thumbnail","6":"product_brand-eterle-cz","7":"product_cat-prodane","9":"first","10":"outofstock","11":"purchasable","12":"product-type-simple"},"_links":{"self":[{"href":"https:\/\/eterle.cz\/eshop\/wp-json\/wp\/v2\/product\/11144","targetHints":{"allow":["GET"]}}],"collection":[{"href":"https:\/\/eterle.cz\/eshop\/wp-json\/wp\/v2\/product"}],"about":[{"href":"https:\/\/eterle.cz\/eshop\/wp-json\/wp\/v2\/types\/product"}],"version-history":[{"count":0,"href":"https:\/\/eterle.cz\/eshop\/wp-json\/wp\/v2\/product\/11144\/revisions"}],"wp:featuredmedia":[{"embeddable":true,"href":"https:\/\/eterle.cz\/eshop\/wp-json\/wp\/v2\/media\/11145"}],"wp:attachment":[{"href":"https:\/\/eterle.cz\/eshop\/wp-json\/wp\/v2\/media?parent=11144"}],"wp:term":[{"taxonomy":"product_brand","embeddable":true,"href":"https:\/\/eterle.cz\/eshop\/wp-json\/wp\/v2\/product_brand?post=11144"},{"taxonomy":"product_cat","embeddable":true,"href":"https:\/\/eterle.cz\/eshop\/wp-json\/wp\/v2\/product_cat?post=11144"},{"taxonomy":"product_tag","embeddable":true,"href":"https:\/\/eterle.cz\/eshop\/wp-json\/wp\/v2\/product_tag?post=11144"}],"curies":[{"name":"wp","href":"https:\/\/api.w.org\/{rel}","templated":true}]}}