{"id":11148,"date":"2022-09-11T23:15:30","date_gmt":"2022-09-11T21:15:30","guid":{"rendered":"https:\/\/eterle.cz\/eshop\/produkt\/4-sklenice-panek\/"},"modified":"2025-02-16T02:58:59","modified_gmt":"2025-02-16T01:58:59","slug":"4-sklenice-panek","status":"publish","type":"product","link":"https:\/\/eterle.cz\/eshop\/produkt\/4-sklenice-panek\/","title":{"rendered":"4 sklenice \/ P\u00e1nek"},"content":{"rendered":"<p>Sklenice z kolekce &#8222;cibul\u00e1k&#8220; od \u010desk\u00e9ho design\u00e9ra Pavla P\u00e1nka nechyb\u011bly v 70. letech minul\u00e9ho stolet\u00ed snad v \u017e\u00e1dn\u00e9 dom\u00e1cnosti. Pavel P\u00e1nek byl spolu s V\u00e1clavem Zaj\u00edcem nejmlad\u0161\u00edm z t\u00fdmu tv\u016frc\u016f legendy \u010deskoslovensk\u00e9ho lisovan\u00e9ho skla. P\u00e1nkovo lisovan\u00e9 sklo z\u00edskalo ocen\u011bn\u00ed na n\u011bkolika tuzemsk\u00fdch i zahrani\u010dn\u00edch sout\u011b\u017e\u00edch. Soubor Cibul\u00e1k vznikl na zak\u00e1zku pro porcel\u00e1nku v Dub\u00ed, kter\u00e1 tak cht\u011bla doplnit jejich porcel\u00e1nov\u00fd servis. Vznikl tak rozs\u00e1hl\u00fd soubor skleni\u010dek, poh\u00e1r\u016f, m\u00eds, misek a v\u00e1z s t\u00edmto flor\u00e1ln\u00edm dekorem a &#8222;te\u010dkov\u00e1n\u00edm&#8220; u horn\u00edho okraje.<\/p>\n<p>Stav: v\u00fdborn\u00fd, jedna skleni\u010dka p\u016flmilimetrov\u00fd o\u0165uk u horn\u00ed hrany sklenice<br \/>\nZna\u010dka: P\u00e1nek<br \/>\nRozm\u011br<br \/>\nObjem: 200 ml<\/p>\n","protected":false},"excerpt":{"rendered":"<p>Sklenice z kolekce &#8222;cibul\u00e1k&#8220; od \u010desk\u00e9ho design\u00e9ra Pavla P\u00e1nka nechyb\u011bly v 70. letech minul\u00e9ho stolet\u00ed snad v \u017e\u00e1dn\u00e9 dom\u00e1cnosti. Pavel<\/p>\n","protected":false},"featured_media":11149,"template":"","meta":[],"product_brand":[153],"product_cat":[91],"product_tag":[],"class_list":{"0":"post-11148","1":"product","2":"type-product","3":"status-publish","4":"has-post-thumbnail","6":"product_brand-eterle-cz","7":"product_cat-prodane","9":"first","10":"outofstock","11":"purchasable","12":"product-type-simple"},"_links":{"self":[{"href":"https:\/\/eterle.cz\/eshop\/wp-json\/wp\/v2\/product\/11148","targetHints":{"allow":["GET"]}}],"collection":[{"href":"https:\/\/eterle.cz\/eshop\/wp-json\/wp\/v2\/product"}],"about":[{"href":"https:\/\/eterle.cz\/eshop\/wp-json\/wp\/v2\/types\/product"}],"version-history":[{"count":0,"href":"https:\/\/eterle.cz\/eshop\/wp-json\/wp\/v2\/product\/11148\/revisions"}],"wp:featuredmedia":[{"embeddable":true,"href":"https:\/\/eterle.cz\/eshop\/wp-json\/wp\/v2\/media\/11149"}],"wp:attachment":[{"href":"https:\/\/eterle.cz\/eshop\/wp-json\/wp\/v2\/media?parent=11148"}],"wp:term":[{"taxonomy":"product_brand","embeddable":true,"href":"https:\/\/eterle.cz\/eshop\/wp-json\/wp\/v2\/product_brand?post=11148"},{"taxonomy":"product_cat","embeddable":true,"href":"https:\/\/eterle.cz\/eshop\/wp-json\/wp\/v2\/product_cat?post=11148"},{"taxonomy":"product_tag","embeddable":true,"href":"https:\/\/eterle.cz\/eshop\/wp-json\/wp\/v2\/product_tag?post=11148"}],"curies":[{"name":"wp","href":"https:\/\/api.w.org\/{rel}","templated":true}]}}