{"id":11154,"date":"2022-09-11T23:15:42","date_gmt":"2022-09-11T21:15:42","guid":{"rendered":"https:\/\/eterle.cz\/eshop\/produkt\/sada-na-punc-pro-6\/"},"modified":"2025-02-16T02:58:59","modified_gmt":"2025-02-16T01:58:59","slug":"sada-na-punc-pro-6","status":"publish","type":"product","link":"https:\/\/eterle.cz\/eshop\/produkt\/sada-na-punc-pro-6\/","title":{"rendered":"Sada na pun\u010d pro 6"},"content":{"rendered":"<p>Sada na pun\u010d z lit\u00e9ho hladk\u00e9ho a p\u00edskovan\u00e9ho skla m\u00e1 hlubok\u00e9 vrysy, kter\u00e9 krom zdoben\u00ed poslou\u017e\u00ed i pro snadn\u011bj\u0161\u00ed \u00fachop sklenice. Mimo obdob\u00ed pun\u010de m\u016f\u017eete sklenice vyu\u017e\u00edt na vodu \u010di whisky a m\u00edsu na ovoce.<\/p>\n<p>Stav: dobr\u00fd vintage, zlat\u00e9 \u010dasti nesou zn\u00e1mky patiny (m\u00edsty set\u0159en\u00e9)<br \/>\nRozm\u011br<br \/>\nObjem sklenice: 200 ml<br \/>\nObjem n\u00e1doby: 4 l<br \/>\nV\u00fd\u0161ka n\u00e1doby: 18 cm<\/p>\n","protected":false},"excerpt":{"rendered":"<p>Sada na pun\u010d z lit\u00e9ho hladk\u00e9ho a p\u00edskovan\u00e9ho skla m\u00e1 hlubok\u00e9 vrysy, kter\u00e9 krom zdoben\u00ed poslou\u017e\u00ed i pro snadn\u011bj\u0161\u00ed \u00fachop<\/p>\n","protected":false},"featured_media":11155,"template":"","meta":[],"product_brand":[153],"product_cat":[91],"product_tag":[],"class_list":{"0":"post-11154","1":"product","2":"type-product","3":"status-publish","4":"has-post-thumbnail","6":"product_brand-eterle-cz","7":"product_cat-prodane","8":"product_shipping_class-nadrozmerne","10":"first","11":"outofstock","12":"purchasable","13":"product-type-simple"},"_links":{"self":[{"href":"https:\/\/eterle.cz\/eshop\/wp-json\/wp\/v2\/product\/11154","targetHints":{"allow":["GET"]}}],"collection":[{"href":"https:\/\/eterle.cz\/eshop\/wp-json\/wp\/v2\/product"}],"about":[{"href":"https:\/\/eterle.cz\/eshop\/wp-json\/wp\/v2\/types\/product"}],"version-history":[{"count":0,"href":"https:\/\/eterle.cz\/eshop\/wp-json\/wp\/v2\/product\/11154\/revisions"}],"wp:featuredmedia":[{"embeddable":true,"href":"https:\/\/eterle.cz\/eshop\/wp-json\/wp\/v2\/media\/11155"}],"wp:attachment":[{"href":"https:\/\/eterle.cz\/eshop\/wp-json\/wp\/v2\/media?parent=11154"}],"wp:term":[{"taxonomy":"product_brand","embeddable":true,"href":"https:\/\/eterle.cz\/eshop\/wp-json\/wp\/v2\/product_brand?post=11154"},{"taxonomy":"product_cat","embeddable":true,"href":"https:\/\/eterle.cz\/eshop\/wp-json\/wp\/v2\/product_cat?post=11154"},{"taxonomy":"product_tag","embeddable":true,"href":"https:\/\/eterle.cz\/eshop\/wp-json\/wp\/v2\/product_tag?post=11154"}],"curies":[{"name":"wp","href":"https:\/\/api.w.org\/{rel}","templated":true}]}}