{"id":11161,"date":"2022-09-11T23:15:57","date_gmt":"2022-09-11T21:15:57","guid":{"rendered":"https:\/\/eterle.cz\/eshop\/produkt\/sada-6-sklenic-na-liker\/"},"modified":"2025-02-16T02:58:58","modified_gmt":"2025-02-16T01:58:58","slug":"sada-6-sklenic-na-liker","status":"publish","type":"product","link":"https:\/\/eterle.cz\/eshop\/produkt\/sada-6-sklenic-na-liker\/","title":{"rendered":"Sada 6 sklenic na lik\u00e9r"},"content":{"rendered":"<p>Sada 6 brou\u0161en\u00fdch sklenic na griotku \u010di vaje\u010dn\u00fd ko\u0148ak se uplatn\u00ed hlavn\u011b v obdob\u00ed kolem V\u00e1noc. Budou i hezk\u00fdm d\u00e1rkem s doma d\u011bkan\u00fdm vaje\u010dn\u00e1kem.<\/p>\n<p>Stav: v\u00fdborn\u00fd<br \/>\nRozm\u011br<br \/>\nObjem: 80 cm<br \/>\nV\u00fd\u0161ka: 7 cm<\/p>\n","protected":false},"excerpt":{"rendered":"<p>Sada 6 brou\u0161en\u00fdch sklenic na griotku \u010di vaje\u010dn\u00fd ko\u0148ak se uplatn\u00ed hlavn\u011b v obdob\u00ed kolem V\u00e1noc. Budou i hezk\u00fdm d\u00e1rkem<\/p>\n","protected":false},"featured_media":11162,"template":"","meta":[],"product_brand":[153],"product_cat":[91],"product_tag":[],"class_list":{"0":"post-11161","1":"product","2":"type-product","3":"status-publish","4":"has-post-thumbnail","6":"product_brand-eterle-cz","7":"product_cat-prodane","9":"first","10":"outofstock","11":"purchasable","12":"product-type-simple"},"_links":{"self":[{"href":"https:\/\/eterle.cz\/eshop\/wp-json\/wp\/v2\/product\/11161","targetHints":{"allow":["GET"]}}],"collection":[{"href":"https:\/\/eterle.cz\/eshop\/wp-json\/wp\/v2\/product"}],"about":[{"href":"https:\/\/eterle.cz\/eshop\/wp-json\/wp\/v2\/types\/product"}],"version-history":[{"count":0,"href":"https:\/\/eterle.cz\/eshop\/wp-json\/wp\/v2\/product\/11161\/revisions"}],"wp:featuredmedia":[{"embeddable":true,"href":"https:\/\/eterle.cz\/eshop\/wp-json\/wp\/v2\/media\/11162"}],"wp:attachment":[{"href":"https:\/\/eterle.cz\/eshop\/wp-json\/wp\/v2\/media?parent=11161"}],"wp:term":[{"taxonomy":"product_brand","embeddable":true,"href":"https:\/\/eterle.cz\/eshop\/wp-json\/wp\/v2\/product_brand?post=11161"},{"taxonomy":"product_cat","embeddable":true,"href":"https:\/\/eterle.cz\/eshop\/wp-json\/wp\/v2\/product_cat?post=11161"},{"taxonomy":"product_tag","embeddable":true,"href":"https:\/\/eterle.cz\/eshop\/wp-json\/wp\/v2\/product_tag?post=11161"}],"curies":[{"name":"wp","href":"https:\/\/api.w.org\/{rel}","templated":true}]}}