{"id":11184,"date":"2022-09-11T23:16:51","date_gmt":"2022-09-11T21:16:51","guid":{"rendered":"https:\/\/eterle.cz\/eshop\/produkt\/lita-karafa\/"},"modified":"2025-02-16T02:58:57","modified_gmt":"2025-02-16T01:58:57","slug":"lita-karafa","status":"publish","type":"product","link":"https:\/\/eterle.cz\/eshop\/produkt\/lita-karafa\/","title":{"rendered":"Lit\u00e1 karafa"},"content":{"rendered":"<p>Lit\u00e1 ba\u0148at\u00e1 karafa z minul\u00e9ho stolet\u00ed s zabrou\u0161enou z\u00e1dkou bude skv\u011blou n\u00e1dobou na va\u0161e obl\u00edben\u00e9 pit\u00ed a\u0165 u\u017e se jedn\u00e1 o brandy, whisky, sherry nebo t\u0159eba gin.<\/p>\n<p>Stav: velmi dobr\u00fd<br \/>\nRozm\u011br<br \/>\nObjem: 800 ml<br \/>\nV\u00fd\u0161ka: 28 cm<\/p>\n","protected":false},"excerpt":{"rendered":"<p>Lit\u00e1 ba\u0148at\u00e1 karafa z minul\u00e9ho stolet\u00ed s zabrou\u0161enou z\u00e1dkou bude skv\u011blou n\u00e1dobou na va\u0161e obl\u00edben\u00e9 pit\u00ed a\u0165 u\u017e se jedn\u00e1<\/p>\n","protected":false},"featured_media":11185,"template":"","meta":[],"product_brand":[153],"product_cat":[91],"product_tag":[],"class_list":{"0":"post-11184","1":"product","2":"type-product","3":"status-publish","4":"has-post-thumbnail","6":"product_brand-eterle-cz","7":"product_cat-prodane","9":"first","10":"outofstock","11":"purchasable","12":"product-type-simple"},"_links":{"self":[{"href":"https:\/\/eterle.cz\/eshop\/wp-json\/wp\/v2\/product\/11184","targetHints":{"allow":["GET"]}}],"collection":[{"href":"https:\/\/eterle.cz\/eshop\/wp-json\/wp\/v2\/product"}],"about":[{"href":"https:\/\/eterle.cz\/eshop\/wp-json\/wp\/v2\/types\/product"}],"version-history":[{"count":1,"href":"https:\/\/eterle.cz\/eshop\/wp-json\/wp\/v2\/product\/11184\/revisions"}],"predecessor-version":[{"id":17570,"href":"https:\/\/eterle.cz\/eshop\/wp-json\/wp\/v2\/product\/11184\/revisions\/17570"}],"wp:featuredmedia":[{"embeddable":true,"href":"https:\/\/eterle.cz\/eshop\/wp-json\/wp\/v2\/media\/11185"}],"wp:attachment":[{"href":"https:\/\/eterle.cz\/eshop\/wp-json\/wp\/v2\/media?parent=11184"}],"wp:term":[{"taxonomy":"product_brand","embeddable":true,"href":"https:\/\/eterle.cz\/eshop\/wp-json\/wp\/v2\/product_brand?post=11184"},{"taxonomy":"product_cat","embeddable":true,"href":"https:\/\/eterle.cz\/eshop\/wp-json\/wp\/v2\/product_cat?post=11184"},{"taxonomy":"product_tag","embeddable":true,"href":"https:\/\/eterle.cz\/eshop\/wp-json\/wp\/v2\/product_tag?post=11184"}],"curies":[{"name":"wp","href":"https:\/\/api.w.org\/{rel}","templated":true}]}}