{"id":11190,"date":"2022-09-11T23:17:04","date_gmt":"2022-09-11T21:17:04","guid":{"rendered":"https:\/\/eterle.cz\/eshop\/produkt\/karafa-brusel\/"},"modified":"2025-02-16T02:58:56","modified_gmt":"2025-02-16T01:58:56","slug":"karafa-brusel","status":"publish","type":"product","link":"https:\/\/eterle.cz\/eshop\/produkt\/karafa-brusel\/","title":{"rendered":"Karafa Brusel"},"content":{"rendered":"<p>Men\u0161\u00ed karafa bruselsk\u00e9ho stylu se zaj\u00edmav\u00fdm dekorem b\u00edl\u00fdch a \u017elut\u00fdch punt\u00edk\u016f, dopln\u011bn\u00fdch zlat\u00fdmi kruhy a \u010dern\u00fdmi \u010darami. Zabrou\u0161en\u00e1 z\u00e1tka m\u00e1 dva ozdobn\u00e9 zlat\u00e9 pruhy. Karafa je vhodn\u00e1 na lik\u00e9r.<\/p>\n<p>Stav: dobr\u00fd, usazenina od vody na dn\u011b karafy<br \/>\nRozm\u011br<br \/>\nObjem: 500 ml<br \/>\nV\u00fd\u0161ka: 25 cm<\/p>\n","protected":false},"excerpt":{"rendered":"<p>Men\u0161\u00ed karafa bruselsk\u00e9ho stylu se zaj\u00edmav\u00fdm dekorem b\u00edl\u00fdch a \u017elut\u00fdch punt\u00edk\u016f, dopln\u011bn\u00fdch zlat\u00fdmi kruhy a \u010dern\u00fdmi \u010darami. Zabrou\u0161en\u00e1 z\u00e1tka m\u00e1<\/p>\n","protected":false},"featured_media":11191,"template":"","meta":[],"product_brand":[153],"product_cat":[91],"product_tag":[],"class_list":{"0":"post-11190","1":"product","2":"type-product","3":"status-publish","4":"has-post-thumbnail","6":"product_brand-eterle-cz","7":"product_cat-prodane","9":"first","10":"outofstock","11":"purchasable","12":"product-type-simple"},"_links":{"self":[{"href":"https:\/\/eterle.cz\/eshop\/wp-json\/wp\/v2\/product\/11190","targetHints":{"allow":["GET"]}}],"collection":[{"href":"https:\/\/eterle.cz\/eshop\/wp-json\/wp\/v2\/product"}],"about":[{"href":"https:\/\/eterle.cz\/eshop\/wp-json\/wp\/v2\/types\/product"}],"version-history":[{"count":0,"href":"https:\/\/eterle.cz\/eshop\/wp-json\/wp\/v2\/product\/11190\/revisions"}],"wp:featuredmedia":[{"embeddable":true,"href":"https:\/\/eterle.cz\/eshop\/wp-json\/wp\/v2\/media\/11191"}],"wp:attachment":[{"href":"https:\/\/eterle.cz\/eshop\/wp-json\/wp\/v2\/media?parent=11190"}],"wp:term":[{"taxonomy":"product_brand","embeddable":true,"href":"https:\/\/eterle.cz\/eshop\/wp-json\/wp\/v2\/product_brand?post=11190"},{"taxonomy":"product_cat","embeddable":true,"href":"https:\/\/eterle.cz\/eshop\/wp-json\/wp\/v2\/product_cat?post=11190"},{"taxonomy":"product_tag","embeddable":true,"href":"https:\/\/eterle.cz\/eshop\/wp-json\/wp\/v2\/product_tag?post=11190"}],"curies":[{"name":"wp","href":"https:\/\/api.w.org\/{rel}","templated":true}]}}