{"id":11195,"date":"2022-09-11T23:17:14","date_gmt":"2022-09-11T21:17:14","guid":{"rendered":"https:\/\/eterle.cz\/eshop\/produkt\/art-deco-karafa-s-panakem\/"},"modified":"2025-02-16T02:58:19","modified_gmt":"2025-02-16T01:58:19","slug":"art-deco-karafa-s-panakem","status":"publish","type":"product","link":"https:\/\/eterle.cz\/eshop\/produkt\/art-deco-karafa-s-panakem\/","title":{"rendered":"Art deco karafa s pan\u00e1kem"},"content":{"rendered":"<p>Kr\u00e1sn\u011b tvarovan\u00e1 lit\u00e1 karafa ve smaragdov\u00e9 barv\u011b spolu s jedou skleni\u010dkou bude kr\u00e1sn\u00fdm dopl\u0148kem interi\u00e9ru i bez alkoholu.<\/p>\n<p>Stav: velmi dobr\u00fd, jen nepatn\u00e9 zn\u00e1mky od vody na dn\u011b karafy a drobn\u00e9 o\u0165uky uvnit\u0159 z\u00e1tky<br \/>\nRozm\u011br<br \/>\nObjem karafy: 400 ml<br \/>\nV\u00fd\u0161ka karafy: 22 cm<br \/>\nObjem pan\u00e1k: 30 ml<\/p>\n","protected":false},"excerpt":{"rendered":"<p>Kr\u00e1sn\u011b tvarovan\u00e1 lit\u00e1 karafa ve smaragdov\u00e9 barv\u011b spolu s jedou skleni\u010dkou bude kr\u00e1sn\u00fdm dopl\u0148kem interi\u00e9ru i bez alkoholu. Stav: velmi<\/p>\n","protected":false},"featured_media":11196,"template":"","meta":[],"product_brand":[153],"product_cat":[91],"product_tag":[],"class_list":{"0":"post-11195","1":"product","2":"type-product","3":"status-publish","4":"has-post-thumbnail","6":"product_brand-eterle-cz","7":"product_cat-prodane","9":"first","10":"outofstock","11":"purchasable","12":"product-type-simple"},"_links":{"self":[{"href":"https:\/\/eterle.cz\/eshop\/wp-json\/wp\/v2\/product\/11195","targetHints":{"allow":["GET"]}}],"collection":[{"href":"https:\/\/eterle.cz\/eshop\/wp-json\/wp\/v2\/product"}],"about":[{"href":"https:\/\/eterle.cz\/eshop\/wp-json\/wp\/v2\/types\/product"}],"version-history":[{"count":0,"href":"https:\/\/eterle.cz\/eshop\/wp-json\/wp\/v2\/product\/11195\/revisions"}],"wp:featuredmedia":[{"embeddable":true,"href":"https:\/\/eterle.cz\/eshop\/wp-json\/wp\/v2\/media\/11196"}],"wp:attachment":[{"href":"https:\/\/eterle.cz\/eshop\/wp-json\/wp\/v2\/media?parent=11195"}],"wp:term":[{"taxonomy":"product_brand","embeddable":true,"href":"https:\/\/eterle.cz\/eshop\/wp-json\/wp\/v2\/product_brand?post=11195"},{"taxonomy":"product_cat","embeddable":true,"href":"https:\/\/eterle.cz\/eshop\/wp-json\/wp\/v2\/product_cat?post=11195"},{"taxonomy":"product_tag","embeddable":true,"href":"https:\/\/eterle.cz\/eshop\/wp-json\/wp\/v2\/product_tag?post=11195"}],"curies":[{"name":"wp","href":"https:\/\/api.w.org\/{rel}","templated":true}]}}