{"id":11203,"date":"2022-09-11T23:17:32","date_gmt":"2022-09-11T21:17:32","guid":{"rendered":"https:\/\/eterle.cz\/eshop\/produkt\/lahev-na-ocet-a-olej\/"},"modified":"2025-02-16T02:58:19","modified_gmt":"2025-02-16T01:58:19","slug":"lahev-na-ocet-a-olej","status":"publish","type":"product","link":"https:\/\/eterle.cz\/eshop\/produkt\/lahev-na-ocet-a-olej\/","title":{"rendered":"Lahev na ocet a olej"},"content":{"rendered":"<p>Set lit\u00fdch karaf v art deco stylu s brou\u0161enou z\u00e1tkou budou kr\u00e1snou ozdobou stolu p\u0159i serv\u00edrov\u00e1n\u00ed sal\u00e1tu. Jsou ide\u00e1ln\u00ed na ocet a olej.<\/p>\n<p>Stav: velmi dobr\u00fd<br \/>\nRozm\u011br<br \/>\nObjem: 150 ml<br \/>\nV\u00fd\u0161ka: 16 cm<\/p>\n","protected":false},"excerpt":{"rendered":"<p>Set lit\u00fdch karaf v art deco stylu s brou\u0161enou z\u00e1tkou budou kr\u00e1snou ozdobou stolu p\u0159i serv\u00edrov\u00e1n\u00ed sal\u00e1tu. Jsou ide\u00e1ln\u00ed na<\/p>\n","protected":false},"featured_media":11204,"template":"","meta":[],"product_brand":[153],"product_cat":[91],"product_tag":[],"class_list":{"0":"post-11203","1":"product","2":"type-product","3":"status-publish","4":"has-post-thumbnail","6":"product_brand-eterle-cz","7":"product_cat-prodane","9":"first","10":"outofstock","11":"purchasable","12":"product-type-simple"},"_links":{"self":[{"href":"https:\/\/eterle.cz\/eshop\/wp-json\/wp\/v2\/product\/11203","targetHints":{"allow":["GET"]}}],"collection":[{"href":"https:\/\/eterle.cz\/eshop\/wp-json\/wp\/v2\/product"}],"about":[{"href":"https:\/\/eterle.cz\/eshop\/wp-json\/wp\/v2\/types\/product"}],"version-history":[{"count":0,"href":"https:\/\/eterle.cz\/eshop\/wp-json\/wp\/v2\/product\/11203\/revisions"}],"wp:featuredmedia":[{"embeddable":true,"href":"https:\/\/eterle.cz\/eshop\/wp-json\/wp\/v2\/media\/11204"}],"wp:attachment":[{"href":"https:\/\/eterle.cz\/eshop\/wp-json\/wp\/v2\/media?parent=11203"}],"wp:term":[{"taxonomy":"product_brand","embeddable":true,"href":"https:\/\/eterle.cz\/eshop\/wp-json\/wp\/v2\/product_brand?post=11203"},{"taxonomy":"product_cat","embeddable":true,"href":"https:\/\/eterle.cz\/eshop\/wp-json\/wp\/v2\/product_cat?post=11203"},{"taxonomy":"product_tag","embeddable":true,"href":"https:\/\/eterle.cz\/eshop\/wp-json\/wp\/v2\/product_tag?post=11203"}],"curies":[{"name":"wp","href":"https:\/\/api.w.org\/{rel}","templated":true}]}}